{"id":928,"date":"2020-07-23T12:39:41","date_gmt":"2020-07-23T04:39:41","guid":{"rendered":"https:\/\/www.chinaplastictech.com\/es\/?post_type=product&#038;p=928"},"modified":"2020-08-13T12:51:52","modified_gmt":"2020-08-13T04:51:52","slug":"serie-tj3000d","status":"publish","type":"product","link":"https:\/\/www.chinaplastictech.com\/es\/M\u00e1quina-De-Moldeo-Por-Soplado\/serie-tj3000d\/","title":{"rendered":"Serie TJ3000D (30 litros.)"},"content":{"rendered":"<table>\n<tbody>\n<tr>\n<td colspan=\"3\" width=\"99.2800%\"><strong><b>PAR\u00c1METRO:<\/b><\/strong><\/td>\n<\/tr>\n<tr>\n<td width=\"47.6000%\"><strong><b>Especificaciones<\/b><\/strong><\/td>\n<td width=\"26.2600%\"><strong><b>Unidades<\/b><\/strong><\/td>\n<td width=\"24.6600%\"><strong><b>TJ<\/b><\/strong><strong><b>3<\/b><\/strong><strong><b>000<\/b><\/strong><strong><b>D<\/b><\/strong><\/td>\n<\/tr>\n<tr>\n<td width=\"47.6000%\">Capacidad m\u00e1xima del contenedor<\/td>\n<td width=\"26.2600%\">L<\/td>\n<td width=\"24.6600%\">30<\/td>\n<\/tr>\n<tr>\n<td width=\"47.6000%\">Ciclo vac\u00edo<\/td>\n<td width=\"26.2600%\">Segundo<\/td>\n<td width=\"24.6600%\">8<\/td>\n<\/tr>\n<tr>\n<td width=\"47.6000%\">N\u00famero de cabezas de troquel<\/td>\n<td width=\"26.2600%\">Conjunto<\/td>\n<td width=\"24.6600%\">1.2.3<\/td>\n<\/tr>\n<tr>\n<td width=\"47.6000%\">Dimensi\u00f3n de la m\u00e1quina (L*W*H)<\/td>\n<td width=\"26.2600%\">M<\/td>\n<td width=\"24.6600%\">7.0&#215;9.0x5.0<\/td>\n<\/tr>\n<tr>\n<td colspan=\"2\" width=\"74.2400%\">&nbsp;<\/td>\n<td>&nbsp;<\/td>\n<\/tr>\n<tr>\n<td colspan=\"2\" width=\"74.2400%\"><strong><b>Unidad De <\/b><\/strong><strong><b>Sujeci\u00f3n<\/b><\/strong><\/td>\n<td>&nbsp;<\/td>\n<\/tr>\n<tr>\n<td width=\"47.6000%\">Fuerza de sujeci\u00f3n<\/td>\n<td width=\"26.2600%\">KN<\/td>\n<td width=\"24.6600%\">200<\/td>\n<\/tr>\n<tr>\n<td width=\"47.6000%\">Trazo de moviente de placa<\/td>\n<td width=\"26.2600%\">mm<\/td>\n<td width=\"24.6600%\">900<\/td>\n<\/tr>\n<tr>\n<td width=\"47.6000%\">Trazo de abierto\u00a0de molde<\/td>\n<td width=\"26.2600%\">mm<\/td>\n<td width=\"24.6600%\">600<\/td>\n<\/tr>\n<tr>\n<td width=\"47.6000%\">Longitud del molde<\/td>\n<td width=\"26.2600%\">mm<\/td>\n<td width=\"24.6600%\">670<\/td>\n<\/tr>\n<tr>\n<td width=\"47.6000%\">Ancho del molde<\/td>\n<td width=\"26.2600%\">mm<\/td>\n<td width=\"24.6600%\">880<\/td>\n<\/tr>\n<tr>\n<td width=\"47.6000%\">Espesor del molde<\/td>\n<td width=\"26.2600%\">mm<\/td>\n<td width=\"24.6600%\">2&#215;230<\/td>\n<\/tr>\n<tr>\n<td colspan=\"2\" width=\"74.2400%\">&nbsp;<\/td>\n<td>&nbsp;<\/td>\n<\/tr>\n<tr>\n<td colspan=\"2\" width=\"74.2400%\"><strong><b>Unidad De Potencia<\/b><\/strong><\/td>\n<td>&nbsp;<\/td>\n<\/tr>\n<tr>\n<td width=\"47.6000%\">Presi\u00f3n hidr\u00e1ulica<\/td>\n<td width=\"26.2600%\">Bar<\/td>\n<td width=\"24.6600%\">120\/160<\/td>\n<\/tr>\n<tr>\n<td width=\"47.6000%\">Presi\u00f3n del aire<\/td>\n<td width=\"26.2600%\">Mpa<\/td>\n<td width=\"24.6600%\">0.6\/1.0<\/td>\n<\/tr>\n<tr>\n<td width=\"47.6000%\">Consumo de aire<\/td>\n<td width=\"26.2600%\">M3\/min<\/td>\n<td width=\"24.6600%\">3.5<\/td>\n<\/tr>\n<tr>\n<td width=\"47.6000%\">Motor de bomba de aceite\u00a01<\/td>\n<td width=\"26.2600%\">KW<\/td>\n<td width=\"24.6600%\">30<\/td>\n<\/tr>\n<tr>\n<td width=\"47.6000%\">Motor de bomba de aceite\u00a02<\/td>\n<td width=\"26.2600%\">KW<\/td>\n<td width=\"24.6600%\">11<\/td>\n<\/tr>\n<tr>\n<td width=\"47.6000%\">Potencia de calefacci\u00f3n\u00a0del cabeza<\/td>\n<td width=\"26.2600%\">KW<\/td>\n<td width=\"24.6600%\">16<\/td>\n<\/tr>\n<tr>\n<td width=\"47.6000%\">Consumo medio de energ\u00eda<\/td>\n<td width=\"26.2600%\">KW<\/td>\n<td width=\"24.6600%\">100<\/td>\n<\/tr>\n<tr>\n<td colspan=\"2\" width=\"74.2400%\">&nbsp;<\/td>\n<td>&nbsp;<\/td>\n<\/tr>\n<tr>\n<td colspan=\"2\" width=\"74.2400%\"><strong><b>Unidad Extrusora<\/b><\/strong><\/td>\n<td>&nbsp;<\/td>\n<\/tr>\n<tr>\n<td width=\"47.6000%\">Di\u00e1metro del tornillo<\/td>\n<td width=\"26.2600%\">mm<\/td>\n<td width=\"24.6600%\">100<\/td>\n<\/tr>\n<tr>\n<td width=\"47.6000%\">Relaci\u00f3n de L\/D del tornillo<\/td>\n<td width=\"26.2600%\">L\/D<\/td>\n<td width=\"24.6600%\">30<\/td>\n<\/tr>\n<tr>\n<td width=\"47.6000%\">Capacidad de plastificaci\u00f3n<\/td>\n<td width=\"26.2600%\">Kg\/hora<\/td>\n<td width=\"24.6600%\">230<\/td>\n<\/tr>\n<tr>\n<td width=\"47.6000%\">N\u00famero de grupos de calefacci\u00f3n<\/td>\n<td width=\"26.2600%\">Grupos<\/td>\n<td width=\"24.6600%\">5<\/td>\n<\/tr>\n<tr>\n<td width=\"47.6000%\">Potencia total<\/td>\n<td width=\"26.2600%\">KW<\/td>\n<td width=\"24.6600%\">105<\/td>\n<\/tr>\n<tr>\n<td width=\"47.6000%\">Potencia de conducci\u00f3n del extrusor<\/td>\n<td width=\"26.2600%\">KW<\/td>\n<td width=\"24.6600%\">75<\/td>\n<\/tr>\n<tr>\n<td colspan=\"2\" width=\"74.2400%\">&nbsp;<\/td>\n<td>&nbsp;<\/td>\n<\/tr>\n<tr>\n<td colspan=\"2\" width=\"74.2400%\"><strong><b>Unidad De Cabezal<\/b><\/strong><\/td>\n<td>&nbsp;<\/td>\n<\/tr>\n<tr>\n<td width=\"47.6000%\">Distancia central de\u00a0doble-cabeza<\/td>\n<td width=\"26.2600%\">mm<\/td>\n<td width=\"24.6600%\">400<\/td>\n<\/tr>\n<tr>\n<td width=\"47.6000%\">Distancia central de tri-cabeza<\/td>\n<td width=\"26.2600%\">mm<\/td>\n<td width=\"24.6600%\">260<\/td>\n<\/tr>\n<tr>\n<td width=\"47.6000%\">&nbsp;<\/td>\n<td width=\"26.2600%\">&nbsp;<\/td>\n<td width=\"24.6600%\">&nbsp;<\/td>\n<\/tr>\n<tr>\n<td colspan=\"3\" width=\"99.2800%\"><strong><b>CONFIGURACI\u00d3N:<\/b><\/strong><\/td>\n<\/tr>\n<tr>\n<td width=\"47.6000%\"><strong><b>Piezas<\/b><\/strong><\/td>\n<td width=\"26.2600%\"><strong><b>Marca<\/b><\/strong><\/td>\n<td width=\"24.6600%\"><strong><b>Pa\u00eds<\/b><\/strong><\/td>\n<\/tr>\n<tr>\n<td width=\"47.6000%\">Pantalla t\u00e1ctil<\/td>\n<td width=\"26.2600%\">Gefran<\/td>\n<td width=\"24.6600%\">Italia<\/td>\n<\/tr>\n<tr>\n<td width=\"47.6000%\">Sistema de control de parision<\/td>\n<td width=\"26.2600%\">Gefran<\/td>\n<td width=\"24.6600%\">Italia<\/td>\n<\/tr>\n<tr>\n<td width=\"47.6000%\">M\u00f3dulo de control de temperatura<\/td>\n<td width=\"26.2600%\">Gefran<\/td>\n<td width=\"24.6600%\">Italia<\/td>\n<\/tr>\n<tr>\n<td width=\"47.6000%\">Sistema de control de PLC<\/td>\n<td width=\"26.2600%\">Gefran<\/td>\n<td width=\"24.6600%\">Italia<\/td>\n<\/tr>\n<tr>\n<td width=\"47.6000%\">Transductor\u00a0servo<\/td>\n<td width=\"26.2600%\">Gefran<\/td>\n<td width=\"24.6600%\">Italia<\/td>\n<\/tr>\n<tr>\n<td width=\"47.6000%\">V\u00e1lvula servo<\/td>\n<td width=\"26.2600%\">Atos<\/td>\n<td width=\"24.6600%\">Italia<\/td>\n<\/tr>\n<tr>\n<td width=\"47.6000%\">Bomba hidr\u00e1ulica<\/td>\n<td width=\"26.2600%\">Yuken<\/td>\n<td width=\"24.6600%\">Jap\u00f3n<\/td>\n<\/tr>\n<tr>\n<td width=\"47.6000%\">V\u00e1lvula hidr\u00e1ulica<\/td>\n<td width=\"26.2600%\">Yuken<\/td>\n<td width=\"24.6600%\">Jap\u00f3n<\/td>\n<\/tr>\n<tr>\n<td width=\"47.6000%\">Convertidores de frecuencia<\/td>\n<td width=\"26.2600%\">Emerson<\/td>\n<td width=\"24.6600%\">Am\u00e9rica<\/td>\n<\/tr>\n<tr>\n<td width=\"47.6000%\">V\u00e1lvula neum\u00e1tica<\/td>\n<td width=\"26.2600%\">Festo<\/td>\n<td width=\"24.6600%\">Alemania<\/td>\n<\/tr>\n<\/tbody>\n<\/table>\n","protected":false},"excerpt":{"rendered":"<p>El modelo de alta velocidad TJ3000D est\u00e1 dise\u00f1ado para la alta automatizaci\u00f3n, puede ser altamente automatizado con equipos auxiliares.\u00a0Su volumen m\u00e1ximo de producto es de 30 litros.\u00a0Es un equipo de estaci\u00f3n doble capaz de montar hasta cabezas de tetra-die.\u00a0Moldeo por soplado de materias primas como PE, PP, PVC, etc., La operaci\u00f3n de accionamiento servo ser\u00e1 m\u00e1s estable, la velocidad de producci\u00f3n de cuatro cavidades es superior a 1400 por hora.<\/p>\n","protected":false},"featured_media":539,"template":"","meta":{"site-sidebar-layout":"no-sidebar","site-content-layout":"boxed-container","ast-site-content-layout":"","site-content-style":"default","site-sidebar-style":"default","ast-global-header-display":"","ast-banner-title-visibility":"","ast-main-header-display":"","ast-hfb-above-header-display":"","ast-hfb-below-header-display":"","ast-hfb-mobile-header-display":"","site-post-title":"","ast-breadcrumbs-content":"","ast-featured-img":"","footer-sml-layout":"","theme-transparent-header-meta":"default","adv-header-id-meta":"","stick-header-meta":"default","header-above-stick-meta":"","header-main-stick-meta":"","header-below-stick-meta":"","astra-migrate-meta-layouts":"","ast-page-background-enabled":"default","ast-page-background-meta":{"desktop":{"background-color":"","background-image":"","background-repeat":"repeat","background-position":"center center","background-size":"auto","background-attachment":"scroll","background-type":"","background-media":"","overlay-type":"","overlay-color":"","overlay-gradient":""},"tablet":{"background-color":"","background-image":"","background-repeat":"repeat","background-position":"center center","background-size":"auto","background-attachment":"scroll","background-type":"","background-media":"","overlay-type":"","overlay-color":"","overlay-gradient":""},"mobile":{"background-color":"","background-image":"","background-repeat":"repeat","background-position":"center center","background-size":"auto","background-attachment":"scroll","background-type":"","background-media":"","overlay-type":"","overlay-color":"","overlay-gradient":""}},"ast-content-background-meta":{"desktop":{"background-color":"var(--ast-global-color-5)","background-image":"","background-repeat":"repeat","background-position":"center center","background-size":"auto","background-attachment":"scroll","background-type":"","background-media":"","overlay-type":"","overlay-color":"","overlay-gradient":""},"tablet":{"background-color":"var(--ast-global-color-5)","background-image":"","background-repeat":"repeat","background-position":"center center","background-size":"auto","background-attachment":"scroll","background-type":"","background-media":"","overlay-type":"","overlay-color":"","overlay-gradient":""},"mobile":{"background-color":"var(--ast-global-color-5)","background-image":"","background-repeat":"repeat","background-position":"center center","background-size":"auto","background-attachment":"scroll","background-type":"","background-media":"","overlay-type":"","overlay-color":"","overlay-gradient":""}}},"product_cat":[17],"product_tag":[27],"_links":{"self":[{"href":"https:\/\/www.chinaplastictech.com\/es\/wp-json\/wp\/v2\/product\/928"}],"collection":[{"href":"https:\/\/www.chinaplastictech.com\/es\/wp-json\/wp\/v2\/product"}],"about":[{"href":"https:\/\/www.chinaplastictech.com\/es\/wp-json\/wp\/v2\/types\/product"}],"wp:featuredmedia":[{"embeddable":true,"href":"https:\/\/www.chinaplastictech.com\/es\/wp-json\/wp\/v2\/media\/539"}],"wp:attachment":[{"href":"https:\/\/www.chinaplastictech.com\/es\/wp-json\/wp\/v2\/media?parent=928"}],"wp:term":[{"taxonomy":"product_cat","embeddable":true,"href":"https:\/\/www.chinaplastictech.com\/es\/wp-json\/wp\/v2\/product_cat?post=928"},{"taxonomy":"product_tag","embeddable":true,"href":"https:\/\/www.chinaplastictech.com\/es\/wp-json\/wp\/v2\/product_tag?post=928"}],"curies":[{"name":"wp","href":"https:\/\/api.w.org\/{rel}","templated":true}]}}