{"id":567,"date":"2020-06-20T21:40:37","date_gmt":"2020-06-20T13:40:37","guid":{"rendered":"https:\/\/www.chinaplastictech.com\/es\/?post_type=product&#038;p=567"},"modified":"2020-08-13T12:52:43","modified_gmt":"2020-08-13T04:52:43","slug":"serie-ptwt","status":"publish","type":"product","link":"https:\/\/www.chinaplastictech.com\/es\/M\u00e1quina-De-Moldeo-Por-Soplado\/serie-ptwt\/","title":{"rendered":"Serie PTWT (Tanque De Agua)"},"content":{"rendered":"<table>\n<tbody>\n<tr>\n<td colspan=\"3\" width=\"99.2800%\"><strong><b>PAR\u00c1METRO:<\/b><\/strong><\/td>\n<\/tr>\n<tr>\n<td width=\"44.3400%\"><strong><b>Especificaciones<\/b><\/strong><\/td>\n<td width=\"20.0800%\"><strong><b>Unidades<\/b><\/strong><\/td>\n<td width=\"34.1200%\"><strong><b>PT<\/b><\/strong><strong><b>WT1000<\/b><\/strong><\/td>\n<\/tr>\n<tr>\n<td width=\"44.3400%\">Capacidad m\u00e1xima del contenedor<\/td>\n<td width=\"20.0800%\">L<\/td>\n<td width=\"34.1200%\">1000<\/td>\n<\/tr>\n<tr>\n<td width=\"44.3400%\">Capas de cabeza<\/td>\n<td width=\"20.0800%\">Capas<\/td>\n<td width=\"34.1200%\">Capa \u00fanica<\/td>\n<\/tr>\n<tr>\n<td width=\"44.3400%\">Dimensi\u00f3n de la m\u00e1quina (L*W*H)<\/td>\n<td width=\"20.0800%\">M<\/td>\n<td width=\"34.1200%\">8&#215;5.6&#215;6.5<\/td>\n<\/tr>\n<tr>\n<td width=\"44.3400%\">Productividad<\/td>\n<td width=\"20.0800%\">PCS\/HR<\/td>\n<td width=\"34.1200%\">16-25<\/td>\n<\/tr>\n<tr>\n<td width=\"44.3400%\">Peso total<\/td>\n<td width=\"20.0800%\">Tonelada<\/td>\n<td width=\"34.1200%\">\/<\/td>\n<\/tr>\n<tr>\n<td colspan=\"3\" width=\"99.2800%\">&nbsp;<\/td>\n<\/tr>\n<tr>\n<td colspan=\"2\" width=\"64.7800%\"><strong><b>Unidad De <\/b><\/strong><strong><b>Sujeci\u00f3n<\/b><\/strong><\/td>\n<td width=\"34.1200%\">&nbsp;<\/td>\n<\/tr>\n<tr>\n<td width=\"44.3400%\">Fuerza de sujeci\u00f3n<\/td>\n<td width=\"20.0800%\">KN<\/td>\n<td width=\"34.1200%\">800<\/td>\n<\/tr>\n<tr>\n<td width=\"44.3400%\">Carrera de apertura de sujeci\u00f3n<\/td>\n<td width=\"20.0800%\">mm<\/td>\n<td width=\"34.1200%\">1500<\/td>\n<\/tr>\n<tr>\n<td width=\"44.3400%\">Tama\u00f1o de la platina<\/td>\n<td width=\"20.0800%\">mm<\/td>\n<td width=\"34.1200%\">1500&#215;1600<\/td>\n<\/tr>\n<tr>\n<td width=\"44.3400%\">Tama\u00f1o m\u00e1ximo del molde (W*H)<\/td>\n<td width=\"20.0800%\">mm<\/td>\n<td width=\"34.1200%\">1200&#215;1500<\/td>\n<\/tr>\n<tr>\n<td width=\"44.3400%\">Distancia entre platinas<\/td>\n<td width=\"20.0800%\">mm<\/td>\n<td width=\"34.1200%\">900-2400<\/td>\n<\/tr>\n<tr>\n<td colspan=\"3\" width=\"99.2800%\">&nbsp;<\/td>\n<\/tr>\n<tr>\n<td colspan=\"2\" width=\"64.7800%\"><strong><b>Unidad De Potencia<\/b><\/strong><\/td>\n<td width=\"34.1200%\">&nbsp;<\/td>\n<\/tr>\n<tr>\n<td width=\"44.3400%\">Potencia del ventilador<\/td>\n<td width=\"20.0800%\">KW<\/td>\n<td width=\"34.1200%\">200<\/td>\n<\/tr>\n<tr>\n<td width=\"44.3400%\">Potencia de accionamiento hidr\u00e1ulico<\/td>\n<td width=\"20.0800%\">KW<\/td>\n<td width=\"34.1200%\">45+7.5<\/td>\n<\/tr>\n<tr>\n<td width=\"44.3400%\">Presi\u00f3n del aire<\/td>\n<td width=\"20.0800%\">Mpa<\/td>\n<td width=\"34.1200%\">0.8<\/td>\n<\/tr>\n<tr>\n<td width=\"44.3400%\">Consumo de aire<\/td>\n<td width=\"20.0800%\">M3\/min<\/td>\n<td width=\"34.1200%\">1.0<\/td>\n<\/tr>\n<tr>\n<td width=\"44.3400%\">Consumo medio de energ\u00eda<\/td>\n<td width=\"20.0800%\">KW<\/td>\n<td width=\"34.1200%\">110<\/td>\n<\/tr>\n<tr>\n<td colspan=\"3\" width=\"99.2800%\">&nbsp;<\/td>\n<\/tr>\n<tr>\n<td colspan=\"2\" width=\"64.7800%\"><strong><b>Unidad Extrusora<\/b><\/strong><\/td>\n<td width=\"34.1200%\">&nbsp;<\/td>\n<\/tr>\n<tr>\n<td width=\"44.3400%\">Di\u00e1metro del tornillo<\/td>\n<td width=\"20.0800%\">mm<\/td>\n<td width=\"34.1200%\">120<\/td>\n<\/tr>\n<tr>\n<td width=\"44.3400%\">Relaci\u00f3n de L\/D del tornillo<\/td>\n<td width=\"20.0800%\">L\/D<\/td>\n<td width=\"34.1200%\">28<\/td>\n<\/tr>\n<tr>\n<td width=\"44.3400%\">Capacidad de plastificaci\u00f3n<\/td>\n<td width=\"20.0800%\">Kg\/hora<\/td>\n<td width=\"34.1200%\">300<\/td>\n<\/tr>\n<tr>\n<td width=\"44.3400%\">Potencia de calefacci\u00f3n\u00a0del\u00a0extrusor<\/td>\n<td width=\"20.0800%\">KW<\/td>\n<td width=\"34.1200%\">5.5<\/td>\n<\/tr>\n<tr>\n<td width=\"44.3400%\">Potencia de conducci\u00f3n del extrusor<\/td>\n<td width=\"20.0800%\">KW<\/td>\n<td width=\"34.1200%\">90<\/td>\n<\/tr>\n<tr>\n<td colspan=\"3\" width=\"99.2800%\">&nbsp;<\/td>\n<\/tr>\n<tr>\n<td colspan=\"2\" width=\"64.7800%\"><strong><b>Unidad De Cabezal<\/b><\/strong><\/td>\n<td width=\"34.1200%\">&nbsp;<\/td>\n<\/tr>\n<tr>\n<td width=\"44.3400%\">Potencia de calefacci\u00f3n\u00a0del cabeza<\/td>\n<td width=\"20.0800%\">KW<\/td>\n<td width=\"34.1200%\">40<\/td>\n<\/tr>\n<tr>\n<td width=\"44.3400%\">Di\u00e1metro m\u00e1ximo del pasador<\/td>\n<td width=\"20.0800%\">mm<\/td>\n<td width=\"34.1200%\">Personalizado<\/td>\n<\/tr>\n<tr>\n<td width=\"44.3400%\">Volumen del acumulador<\/td>\n<td width=\"20.0800%\">L<\/td>\n<td width=\"34.1200%\">35<\/td>\n<\/tr>\n<tr>\n<td colspan=\"3\" width=\"99.2800%\">&nbsp;<\/td>\n<\/tr>\n<tr>\n<td colspan=\"3\" width=\"99.2800%\">&nbsp;<\/td>\n<\/tr>\n<tr>\n<td width=\"44.3400%\"><strong><b>Especificaciones<\/b><\/strong><\/td>\n<td width=\"20.0800%\"><strong><b>Unidades<\/b><\/strong><\/td>\n<td width=\"34.1200%\"><strong><b>PT<\/b><\/strong><strong><b>WT2000<\/b><\/strong><\/td>\n<\/tr>\n<tr>\n<td width=\"44.3400%\">Capacidad m\u00e1xima del contenedor<\/td>\n<td width=\"20.0800%\">L<\/td>\n<td width=\"34.1200%\">2000<\/td>\n<\/tr>\n<tr>\n<td width=\"44.3400%\">Capas de cabeza<\/td>\n<td width=\"20.0800%\">Capas<\/td>\n<td width=\"34.1200%\">Capa \u00fanica<\/td>\n<\/tr>\n<tr>\n<td width=\"44.3400%\">Dimensi\u00f3n de la m\u00e1quina (L*W*H)<\/td>\n<td width=\"20.0800%\">M<\/td>\n<td width=\"34.1200%\">8x6x7.2<\/td>\n<\/tr>\n<tr>\n<td width=\"44.3400%\">Productividad<\/td>\n<td width=\"20.0800%\">PCS\/HR<\/td>\n<td width=\"34.1200%\">10-24<\/td>\n<\/tr>\n<tr>\n<td width=\"44.3400%\">Peso total<\/td>\n<td width=\"20.0800%\">Tonelada<\/td>\n<td width=\"34.1200%\">\/<\/td>\n<\/tr>\n<tr>\n<td colspan=\"3\" width=\"99.2800%\">&nbsp;<\/td>\n<\/tr>\n<tr>\n<td colspan=\"2\" width=\"64.7800%\"><strong><b>Unidad De <\/b><\/strong><strong><b>Sujeci\u00f3n<\/b><\/strong><\/td>\n<td width=\"34.1200%\">&nbsp;<\/td>\n<\/tr>\n<tr>\n<td width=\"44.3400%\">Fuerza de sujeci\u00f3n<\/td>\n<td width=\"20.0800%\">KN<\/td>\n<td width=\"34.1200%\">1800<\/td>\n<\/tr>\n<tr>\n<td width=\"44.3400%\">Carrera de apertura de sujeci\u00f3n<\/td>\n<td width=\"20.0800%\">mm<\/td>\n<td width=\"34.1200%\">2000<\/td>\n<\/tr>\n<tr>\n<td width=\"44.3400%\">Tama\u00f1o de la platina<\/td>\n<td width=\"20.0800%\">mm<\/td>\n<td width=\"34.1200%\">1900&#215;2000<\/td>\n<\/tr>\n<tr>\n<td width=\"44.3400%\">Tama\u00f1o m\u00e1ximo del molde (W*H)<\/td>\n<td width=\"20.0800%\">mm<\/td>\n<td width=\"34.1200%\">1600&#215;2000<\/td>\n<\/tr>\n<tr>\n<td width=\"44.3400%\">Distancia entre platinas<\/td>\n<td width=\"20.0800%\">mm<\/td>\n<td width=\"34.1200%\">1000-3000<\/td>\n<\/tr>\n<tr>\n<td colspan=\"3\" width=\"99.2800%\">&nbsp;<\/td>\n<\/tr>\n<tr>\n<td colspan=\"2\" width=\"64.7800%\"><strong><b>Unidad De Potencia<\/b><\/strong><\/td>\n<td width=\"34.1200%\">&nbsp;<\/td>\n<\/tr>\n<tr>\n<td width=\"44.3400%\">Potencia del ventilador<\/td>\n<td width=\"20.0800%\">KW<\/td>\n<td width=\"34.1200%\">260<\/td>\n<\/tr>\n<tr>\n<td width=\"44.3400%\">Potencia de accionamiento hidr\u00e1ulico<\/td>\n<td width=\"20.0800%\">KW<\/td>\n<td width=\"34.1200%\">45+7.5<\/td>\n<\/tr>\n<tr>\n<td width=\"44.3400%\">Presi\u00f3n del aire<\/td>\n<td width=\"20.0800%\">Mpa<\/td>\n<td width=\"34.1200%\">0.8<\/td>\n<\/tr>\n<tr>\n<td width=\"44.3400%\">Consumo de aire<\/td>\n<td width=\"20.0800%\">M3\/min<\/td>\n<td width=\"34.1200%\">2.3<\/td>\n<\/tr>\n<tr>\n<td width=\"44.3400%\">Consumo medio de energ\u00eda<\/td>\n<td width=\"20.0800%\">KW<\/td>\n<td width=\"34.1200%\">140<\/td>\n<\/tr>\n<tr>\n<td colspan=\"3\" width=\"99.2800%\">&nbsp;<\/td>\n<\/tr>\n<tr>\n<td colspan=\"2\" width=\"64.7800%\"><strong><b>Unidad Extrusora<\/b><\/strong><\/td>\n<td width=\"34.1200%\">&nbsp;<\/td>\n<\/tr>\n<tr>\n<td width=\"44.3400%\">Di\u00e1metro del tornillo<\/td>\n<td width=\"20.0800%\">mm<\/td>\n<td width=\"34.1200%\">130<\/td>\n<\/tr>\n<tr>\n<td width=\"44.3400%\">Relaci\u00f3n de L\/D del tornillo<\/td>\n<td width=\"20.0800%\">L\/D<\/td>\n<td width=\"34.1200%\">28<\/td>\n<\/tr>\n<tr>\n<td width=\"44.3400%\">Capacidad de plastificaci\u00f3n<\/td>\n<td width=\"20.0800%\">Kg\/hora<\/td>\n<td width=\"34.1200%\">400<\/td>\n<\/tr>\n<tr>\n<td width=\"44.3400%\">Potencia de calefacci\u00f3n\u00a0del\u00a0extrusor<\/td>\n<td width=\"20.0800%\">KW<\/td>\n<td width=\"34.1200%\">5.5<\/td>\n<\/tr>\n<tr>\n<td width=\"44.3400%\">Potencia de conducci\u00f3n del extrusor<\/td>\n<td width=\"20.0800%\">KW<\/td>\n<td width=\"34.1200%\">110<\/td>\n<\/tr>\n<tr>\n<td colspan=\"3\" width=\"99.2800%\">&nbsp;<\/td>\n<\/tr>\n<tr>\n<td colspan=\"2\" width=\"64.7800%\"><strong><b>Unidad De Cabezal<\/b><\/strong><\/td>\n<td width=\"34.1200%\">&nbsp;<\/td>\n<\/tr>\n<tr>\n<td width=\"44.3400%\">Potencia de calefacci\u00f3n\u00a0del cabeza<\/td>\n<td width=\"20.0800%\">KW<\/td>\n<td width=\"34.1200%\">60<\/td>\n<\/tr>\n<tr>\n<td width=\"44.3400%\">Di\u00e1metro m\u00e1ximo del pasador<\/td>\n<td width=\"20.0800%\">mm<\/td>\n<td width=\"34.1200%\">Personalizado<\/td>\n<\/tr>\n<tr>\n<td width=\"44.3400%\">Volumen del acumulador<\/td>\n<td width=\"20.0800%\">L<\/td>\n<td width=\"34.1200%\">60<\/td>\n<\/tr>\n<tr>\n<td colspan=\"3\" width=\"99.2800%\">&nbsp;<\/td>\n<\/tr>\n<tr>\n<td colspan=\"3\" width=\"99.2800%\">&nbsp;<\/td>\n<\/tr>\n<tr>\n<td width=\"44.3400%\"><strong><b>Especificaciones<\/b><\/strong><\/td>\n<td width=\"20.0800%\"><strong><b>Unidades<\/b><\/strong><\/td>\n<td width=\"34.1200%\"><strong><b>PT<\/b><\/strong><strong><b>WT5000<\/b><\/strong><\/td>\n<\/tr>\n<tr>\n<td width=\"44.3400%\">Capacidad m\u00e1xima del contenedor<\/td>\n<td width=\"20.0800%\">L<\/td>\n<td width=\"34.1200%\">5000<\/td>\n<\/tr>\n<tr>\n<td width=\"44.3400%\">Capas de cabeza<\/td>\n<td width=\"20.0800%\">Capas<\/td>\n<td width=\"34.1200%\">Capa \u00fanica<\/td>\n<\/tr>\n<tr>\n<td width=\"44.3400%\">Dimensi\u00f3n de la m\u00e1quina (L*W*H)<\/td>\n<td width=\"20.0800%\">M<\/td>\n<td width=\"34.1200%\">10x8x8.8<\/td>\n<\/tr>\n<tr>\n<td width=\"44.3400%\">Productividad<\/td>\n<td width=\"20.0800%\">PCS\/HR<\/td>\n<td width=\"34.1200%\">4-18<\/td>\n<\/tr>\n<tr>\n<td width=\"44.3400%\">Peso total<\/td>\n<td width=\"20.0800%\">Tonelada<\/td>\n<td width=\"34.1200%\">\/<\/td>\n<\/tr>\n<tr>\n<td colspan=\"3\" width=\"99.2800%\">&nbsp;<\/td>\n<\/tr>\n<tr>\n<td colspan=\"2\" width=\"64.7800%\"><strong><b>Unidad De Sujeci\u00f3n<\/b><\/strong><\/td>\n<td width=\"34.1200%\">&nbsp;<\/td>\n<\/tr>\n<tr>\n<td width=\"44.3400%\">Fuerza de sujeci\u00f3n<\/td>\n<td width=\"20.0800%\">KN<\/td>\n<td width=\"34.1200%\">3000<\/td>\n<\/tr>\n<tr>\n<td width=\"44.3400%\">Carrera de apertura de sujeci\u00f3n<\/td>\n<td width=\"20.0800%\">mm<\/td>\n<td width=\"34.1200%\">2200<\/td>\n<\/tr>\n<tr>\n<td width=\"44.3400%\">Tama\u00f1o de la platina<\/td>\n<td width=\"20.0800%\">mm<\/td>\n<td width=\"34.1200%\">2400&#215;2500<\/td>\n<\/tr>\n<tr>\n<td width=\"44.3400%\">Tama\u00f1o m\u00e1ximo del molde (W*H)<\/td>\n<td width=\"20.0800%\">mm<\/td>\n<td width=\"34.1200%\">1840&#215;2500<\/td>\n<\/tr>\n<tr>\n<td width=\"44.3400%\">Distancia entre platinas<\/td>\n<td width=\"20.0800%\">mm<\/td>\n<td width=\"34.1200%\">1600-4000<\/td>\n<\/tr>\n<tr>\n<td colspan=\"3\" width=\"99.2800%\">&nbsp;<\/td>\n<\/tr>\n<tr>\n<td colspan=\"2\" width=\"64.7800%\"><strong><b>Unidad De Potencia<\/b><\/strong><\/td>\n<td width=\"34.1200%\">&nbsp;<\/td>\n<\/tr>\n<tr>\n<td width=\"44.3400%\">Potencia del ventilador<\/td>\n<td width=\"20.0800%\">KW<\/td>\n<td width=\"34.1200%\">460<\/td>\n<\/tr>\n<tr>\n<td width=\"44.3400%\">Potencia de accionamiento hidr\u00e1ulico<\/td>\n<td width=\"20.0800%\">KW<\/td>\n<td width=\"34.1200%\">55+7.5<\/td>\n<\/tr>\n<tr>\n<td width=\"44.3400%\">Presi\u00f3n del aire<\/td>\n<td width=\"20.0800%\">Mpa<\/td>\n<td width=\"34.1200%\">0.8<\/td>\n<\/tr>\n<tr>\n<td width=\"44.3400%\">Consumo de aire<\/td>\n<td width=\"20.0800%\">M3\/min<\/td>\n<td width=\"34.1200%\">2.3<\/td>\n<\/tr>\n<tr>\n<td width=\"44.3400%\">Consumo medio de energ\u00eda<\/td>\n<td width=\"20.0800%\">KW<\/td>\n<td width=\"34.1200%\">290<\/td>\n<\/tr>\n<tr>\n<td colspan=\"3\" width=\"99.2800%\">&nbsp;<\/td>\n<\/tr>\n<tr>\n<td colspan=\"2\" width=\"64.7800%\"><strong><b>Unidad Extrusora<\/b><\/strong><\/td>\n<td width=\"34.1200%\">&nbsp;<\/td>\n<\/tr>\n<tr>\n<td width=\"44.3400%\">Di\u00e1metro del tornillo<\/td>\n<td width=\"20.0800%\">mm<\/td>\n<td width=\"34.1200%\">150<\/td>\n<\/tr>\n<tr>\n<td width=\"44.3400%\">Relaci\u00f3n de L\/D del tornillo<\/td>\n<td width=\"20.0800%\">L\/D<\/td>\n<td width=\"34.1200%\">28<\/td>\n<\/tr>\n<tr>\n<td width=\"44.3400%\">Capacidad de plastificaci\u00f3n<\/td>\n<td width=\"20.0800%\">Kg\/hora<\/td>\n<td width=\"34.1200%\">1000<\/td>\n<\/tr>\n<tr>\n<td width=\"44.3400%\">Potencia de calefacci\u00f3n\u00a0del\u00a0extrusor<\/td>\n<td width=\"20.0800%\">KW<\/td>\n<td width=\"34.1200%\">6<\/td>\n<\/tr>\n<tr>\n<td width=\"44.3400%\">Potencia de conducci\u00f3n del extrusor<\/td>\n<td width=\"20.0800%\">KW<\/td>\n<td width=\"34.1200%\">132<\/td>\n<\/tr>\n<tr>\n<td colspan=\"3\" width=\"99.2800%\">&nbsp;<\/td>\n<\/tr>\n<tr>\n<td colspan=\"2\" width=\"64.7800%\"><strong><b>Unidad De Cabezal<\/b><\/strong><\/td>\n<td width=\"34.1200%\">&nbsp;<\/td>\n<\/tr>\n<tr>\n<td width=\"44.3400%\">Potencia de calefacci\u00f3n\u00a0del cabeza<\/td>\n<td width=\"20.0800%\">KW<\/td>\n<td width=\"34.1200%\">90<\/td>\n<\/tr>\n<tr>\n<td width=\"44.3400%\">Di\u00e1metro m\u00e1ximo del pasador<\/td>\n<td width=\"20.0800%\">mm<\/td>\n<td width=\"34.1200%\">Personalizado<\/td>\n<\/tr>\n<tr>\n<td width=\"44.3400%\">Volumen del acumulador<\/td>\n<td width=\"20.0800%\">L<\/td>\n<td width=\"34.1200%\">150<\/td>\n<\/tr>\n<tr>\n<td colspan=\"3\" width=\"99.2800%\">&nbsp;<\/td>\n<\/tr>\n<tr>\n<td colspan=\"3\" width=\"99.2800%\"><strong><b>CONFIGURACI\u00d3N:<\/b><\/strong><\/td>\n<\/tr>\n<tr>\n<td width=\"44.3400%\"><strong><b>Piezas<\/b><\/strong><\/td>\n<td width=\"20.0800%\"><strong><b>Marca<\/b><\/strong><\/td>\n<td width=\"34.1200%\"><strong><b>Pa\u00eds<\/b><\/strong><\/td>\n<\/tr>\n<tr>\n<td width=\"44.3400%\">Motor<\/td>\n<td width=\"20.0800%\">Siemens<\/td>\n<td width=\"34.1200%\">Alemania<\/td>\n<\/tr>\n<tr>\n<td width=\"44.3400%\">Convertidores de frecuencia<\/td>\n<td width=\"20.0800%\">Siemens<\/td>\n<td width=\"34.1200%\">Alemania<\/td>\n<\/tr>\n<tr>\n<td width=\"44.3400%\">Caja de engranajes<\/td>\n<td width=\"20.0800%\">Guomao<\/td>\n<td width=\"34.1200%\">China<\/td>\n<\/tr>\n<tr>\n<td width=\"44.3400%\">Transductor<\/td>\n<td width=\"20.0800%\">Gefran<\/td>\n<td width=\"34.1200%\">Italia<\/td>\n<\/tr>\n<tr>\n<td width=\"44.3400%\">Gu\u00eda lineal<\/td>\n<td width=\"20.0800%\">Hiwin<\/td>\n<td width=\"34.1200%\">Taiw\u00e1n<\/td>\n<\/tr>\n<tr>\n<td width=\"44.3400%\">Anillo de sellado<\/td>\n<td width=\"20.0800%\">Dz<\/td>\n<td width=\"34.1200%\">Taiw\u00e1n<\/td>\n<\/tr>\n<tr>\n<td width=\"44.3400%\">V\u00e1lvula hidr\u00e1ulica<\/td>\n<td width=\"20.0800%\">Yuken<\/td>\n<td width=\"34.1200%\">Jap\u00f3n<\/td>\n<\/tr>\n<tr>\n<td width=\"44.3400%\">Bomba hidr\u00e1ulica<\/td>\n<td width=\"20.0800%\">Yuken<\/td>\n<td width=\"34.1200%\">Jap\u00f3n<\/td>\n<\/tr>\n<tr>\n<td width=\"44.3400%\">Controlador del servo<\/td>\n<td width=\"20.0800%\">Inovance<\/td>\n<td width=\"34.1200%\">Jap\u00f3n<\/td>\n<\/tr>\n<tr>\n<td width=\"44.3400%\">Pantalla t\u00e1ctil<\/td>\n<td width=\"20.0800%\">Siemens<\/td>\n<td width=\"34.1200%\">Alemania<\/td>\n<\/tr>\n<tr>\n<td width=\"44.3400%\">M\u00f3dulo de control de temperatura<\/td>\n<td width=\"20.0800%\">Siemens<\/td>\n<td width=\"34.1200%\">Alemania<\/td>\n<\/tr>\n<tr>\n<td width=\"44.3400%\">Sistema de control de parision<\/td>\n<td width=\"20.0800%\">Moog<\/td>\n<td width=\"34.1200%\">Am\u00e9rica<\/td>\n<\/tr>\n<tr>\n<td width=\"44.3400%\">Interruptor de aire<\/td>\n<td width=\"20.0800%\">Schneider<\/td>\n<td width=\"34.1200%\">Fance<\/td>\n<\/tr>\n<tr>\n<td width=\"44.3400%\">Contactor<\/td>\n<td width=\"20.0800%\">Schneider<\/td>\n<td width=\"34.1200%\">Fance<\/td>\n<\/tr>\n<tr>\n<td width=\"44.3400%\">V\u00e1lvula neum\u00e1tica<\/td>\n<td width=\"20.0800%\">Airtac<\/td>\n<td width=\"34.1200%\">Taiw\u00e1n<\/td>\n<\/tr>\n<\/tbody>\n<\/table>\n","protected":false},"excerpt":{"rendered":"<p>PTWT1000\/2000\/5000 es un equipo especial utilizado para producir 200 litros a 5000 litros tanque de almacenamiento de agua, el volumen del cabezal del acumulador es de 35\/60\/150 litros, materias primas generalmente utilizados HMWHDPE, servo operaci\u00f3n de accionamiento ser\u00e1 m\u00e1s estable, la velocidad de producci\u00f3n alrededor de 4 a 25 por hora.<\/p>\n","protected":false},"featured_media":534,"template":"","meta":{"site-sidebar-layout":"no-sidebar","site-content-layout":"boxed-container","ast-site-content-layout":"","site-content-style":"default","site-sidebar-style":"default","ast-global-header-display":"","ast-banner-title-visibility":"","ast-main-header-display":"","ast-hfb-above-header-display":"","ast-hfb-below-header-display":"","ast-hfb-mobile-header-display":"","site-post-title":"","ast-breadcrumbs-content":"","ast-featured-img":"","footer-sml-layout":"","theme-transparent-header-meta":"default","adv-header-id-meta":"","stick-header-meta":"default","header-above-stick-meta":"","header-main-stick-meta":"","header-below-stick-meta":"","astra-migrate-meta-layouts":"","ast-page-background-enabled":"default","ast-page-background-meta":{"desktop":{"background-color":"","background-image":"","background-repeat":"repeat","background-position":"center center","background-size":"auto","background-attachment":"scroll","background-type":"","background-media":"","overlay-type":"","overlay-color":"","overlay-gradient":""},"tablet":{"background-color":"","background-image":"","background-repeat":"repeat","background-position":"center center","background-size":"auto","background-attachment":"scroll","background-type":"","background-media":"","overlay-type":"","overlay-color":"","overlay-gradient":""},"mobile":{"background-color":"","background-image":"","background-repeat":"repeat","background-position":"center center","background-size":"auto","background-attachment":"scroll","background-type":"","background-media":"","overlay-type":"","overlay-color":"","overlay-gradient":""}},"ast-content-background-meta":{"desktop":{"background-color":"var(--ast-global-color-5)","background-image":"","background-repeat":"repeat","background-position":"center center","background-size":"auto","background-attachment":"scroll","background-type":"","background-media":"","overlay-type":"","overlay-color":"","overlay-gradient":""},"tablet":{"background-color":"var(--ast-global-color-5)","background-image":"","background-repeat":"repeat","background-position":"center center","background-size":"auto","background-attachment":"scroll","background-type":"","background-media":"","overlay-type":"","overlay-color":"","overlay-gradient":""},"mobile":{"background-color":"var(--ast-global-color-5)","background-image":"","background-repeat":"repeat","background-position":"center center","background-size":"auto","background-attachment":"scroll","background-type":"","background-media":"","overlay-type":"","overlay-color":"","overlay-gradient":""}}},"product_cat":[19],"product_tag":[],"_links":{"self":[{"href":"https:\/\/www.chinaplastictech.com\/es\/wp-json\/wp\/v2\/product\/567"}],"collection":[{"href":"https:\/\/www.chinaplastictech.com\/es\/wp-json\/wp\/v2\/product"}],"about":[{"href":"https:\/\/www.chinaplastictech.com\/es\/wp-json\/wp\/v2\/types\/product"}],"wp:featuredmedia":[{"embeddable":true,"href":"https:\/\/www.chinaplastictech.com\/es\/wp-json\/wp\/v2\/media\/534"}],"wp:attachment":[{"href":"https:\/\/www.chinaplastictech.com\/es\/wp-json\/wp\/v2\/media?parent=567"}],"wp:term":[{"taxonomy":"product_cat","embeddable":true,"href":"https:\/\/www.chinaplastictech.com\/es\/wp-json\/wp\/v2\/product_cat?post=567"},{"taxonomy":"product_tag","embeddable":true,"href":"https:\/\/www.chinaplastictech.com\/es\/wp-json\/wp\/v2\/product_tag?post=567"}],"curies":[{"name":"wp","href":"https:\/\/api.w.org\/{rel}","templated":true}]}}