{"id":565,"date":"2020-06-20T21:35:51","date_gmt":"2020-06-20T13:35:51","guid":{"rendered":"https:\/\/www.chinaplastictech.com\/es\/?post_type=product&#038;p=565"},"modified":"2020-08-13T12:53:00","modified_gmt":"2020-08-13T04:53:00","slug":"serie-ptb300","status":"publish","type":"product","link":"https:\/\/www.chinaplastictech.com\/es\/M\u00e1quina-De-Moldeo-Por-Soplado\/serie-ptb300\/","title":{"rendered":"Serie PTB300 (Tabla De Surf &#038; Pirag\u00fcismo)"},"content":{"rendered":"<table>\n<tbody>\n<tr>\n<td colspan=\"3\" width=\"99.2800%\"><strong><b>PAR\u00c1METRO:<\/b><\/strong><\/td>\n<\/tr>\n<tr>\n<td width=\"48.3200%\"><strong><b>Especificaciones<\/b><\/strong><\/td>\n<td width=\"25.9000%\"><strong><b>Unidades<\/b><\/strong><\/td>\n<td width=\"24.3200%\"><strong><b>PTB<\/b><\/strong><strong><b>300<\/b><\/strong><\/td>\n<\/tr>\n<tr>\n<td width=\"48.3200%\">Capacidad m\u00e1xima del contenedor<\/td>\n<td width=\"25.9000%\">L<\/td>\n<td width=\"24.3200%\">2000<\/td>\n<\/tr>\n<tr>\n<td width=\"48.3200%\">N\u00famero de cabezas de troquel<\/td>\n<td width=\"25.9000%\">Conjunto<\/td>\n<td width=\"24.3200%\">1<\/td>\n<\/tr>\n<tr>\n<td width=\"48.3200%\">Dimensi\u00f3n de la m\u00e1quina (L*W*H)<\/td>\n<td width=\"25.9000%\">M<\/td>\n<td width=\"24.3200%\">12&#215;6.3&#215;7.8<\/td>\n<\/tr>\n<tr>\n<td width=\"48.3200%\">Peso total<\/td>\n<td width=\"25.9000%\">Tonelada<\/td>\n<td width=\"24.3200%\">80<\/td>\n<\/tr>\n<tr>\n<td colspan=\"2\" width=\"74.6000%\">&nbsp;<\/td>\n<td>&nbsp;<\/td>\n<\/tr>\n<tr>\n<td colspan=\"2\" width=\"74.6000%\"><strong><b>Unidad De <\/b><\/strong><strong><b>Sujeci\u00f3n<\/b><\/strong><\/td>\n<td>&nbsp;<\/td>\n<\/tr>\n<tr>\n<td width=\"48.3200%\">Fuerza de sujeci\u00f3n<\/td>\n<td width=\"25.9000%\">KN<\/td>\n<td width=\"24.3200%\">2000<\/td>\n<\/tr>\n<tr>\n<td width=\"48.3200%\">Carrera de apertura de sujeci\u00f3n<\/td>\n<td width=\"25.9000%\">mm<\/td>\n<td width=\"24.3200%\">700-1500<\/td>\n<\/tr>\n<tr>\n<td width=\"48.3200%\">Tama\u00f1o de la platina<\/td>\n<td width=\"25.9000%\">mm<\/td>\n<td width=\"24.3200%\">1600&#215;2800<\/td>\n<\/tr>\n<tr>\n<td width=\"48.3200%\">Tama\u00f1o m\u00e1ximo del molde (W*H)<\/td>\n<td width=\"25.9000%\">mm<\/td>\n<td width=\"24.3200%\">1100&#215;4000<\/td>\n<\/tr>\n<tr>\n<td width=\"48.3200%\">Espesor del molde<\/td>\n<td width=\"25.9000%\">mm<\/td>\n<td width=\"24.3200%\">\/<\/td>\n<\/tr>\n<tr>\n<td colspan=\"2\" width=\"74.6000%\">&nbsp;<\/td>\n<td>&nbsp;<\/td>\n<\/tr>\n<tr>\n<td colspan=\"2\" width=\"74.6000%\"><strong><b>Unidad De Potencia<\/b><\/strong><\/td>\n<td>&nbsp;<\/td>\n<\/tr>\n<tr>\n<td width=\"48.3200%\">Potencia del ventilador<\/td>\n<td width=\"25.9000%\">KW<\/td>\n<td width=\"24.3200%\">548<\/td>\n<\/tr>\n<tr>\n<td width=\"48.3200%\">Presi\u00f3n del aire<\/td>\n<td width=\"25.9000%\">Mpa<\/td>\n<td width=\"24.3200%\">1.2<\/td>\n<\/tr>\n<tr>\n<td width=\"48.3200%\">Consumo de aire<\/td>\n<td width=\"25.9000%\">M3\/min<\/td>\n<td width=\"24.3200%\">6.0<\/td>\n<\/tr>\n<tr>\n<td width=\"48.3200%\">Consumo medio de energ\u00eda<\/td>\n<td width=\"25.9000%\">KW<\/td>\n<td width=\"24.3200%\">350<\/td>\n<\/tr>\n<tr>\n<td colspan=\"2\" width=\"74.6000%\">&nbsp;<\/td>\n<td>&nbsp;<\/td>\n<\/tr>\n<tr>\n<td colspan=\"2\" width=\"74.6000%\"><strong><b>Unidad Extrusora<\/b><\/strong><\/td>\n<td>&nbsp;<\/td>\n<\/tr>\n<tr>\n<td width=\"48.3200%\">Di\u00e1metro del tornillo<\/td>\n<td width=\"25.9000%\">mm<\/td>\n<td width=\"24.3200%\">150&#215;2<\/td>\n<\/tr>\n<tr>\n<td width=\"48.3200%\">Relaci\u00f3n de L\/D del tornillo<\/td>\n<td width=\"25.9000%\">L\/D<\/td>\n<td width=\"24.3200%\">26<\/td>\n<\/tr>\n<tr>\n<td width=\"48.3200%\">Capacidad de plastificaci\u00f3n<\/td>\n<td width=\"25.9000%\">Kg\/hora<\/td>\n<td width=\"24.3200%\">1200<\/td>\n<\/tr>\n<tr>\n<td width=\"48.3200%\">N\u00famero de grupos de calefacci\u00f3n<\/td>\n<td width=\"25.9000%\">Grupos<\/td>\n<td width=\"24.3200%\">12<\/td>\n<\/tr>\n<tr>\n<td width=\"48.3200%\">Potencia de calefacci\u00f3n\u00a0del\u00a0extrusor<\/td>\n<td width=\"25.9000%\">KW<\/td>\n<td width=\"24.3200%\">96<\/td>\n<\/tr>\n<tr>\n<td width=\"48.3200%\">Potencia de conducci\u00f3n del extrusor<\/td>\n<td width=\"25.9000%\">KW<\/td>\n<td width=\"24.3200%\">132&#215;2\/160&#215;2<\/td>\n<\/tr>\n<tr>\n<td colspan=\"2\" width=\"74.6000%\">&nbsp;<\/td>\n<td>&nbsp;<\/td>\n<\/tr>\n<tr>\n<td colspan=\"2\" width=\"74.6000%\"><strong><b>Unidad De Cabezal<\/b><\/strong><\/td>\n<td>&nbsp;<\/td>\n<\/tr>\n<tr>\n<td width=\"48.3200%\">N\u00famero de grupos de calefacci\u00f3n<\/td>\n<td width=\"25.9000%\">Grupos<\/td>\n<td width=\"24.3200%\">7<\/td>\n<\/tr>\n<tr>\n<td width=\"48.3200%\">Potencia de calefacci\u00f3n\u00a0del cabeza<\/td>\n<td width=\"25.9000%\">KW<\/td>\n<td width=\"24.3200%\">88<\/td>\n<\/tr>\n<tr>\n<td width=\"48.3200%\">Di\u00e1metro m\u00e1ximo del pasador<\/td>\n<td width=\"25.9000%\">mm<\/td>\n<td width=\"24.3200%\">850<\/td>\n<\/tr>\n<tr>\n<td width=\"48.3200%\">Volumen del acumulador<\/td>\n<td width=\"25.9000%\">L<\/td>\n<td width=\"24.3200%\">70\/110<\/td>\n<\/tr>\n<tr>\n<td width=\"48.3200%\">&nbsp;<\/td>\n<td width=\"25.9000%\">&nbsp;<\/td>\n<td width=\"24.3200%\">&nbsp;<\/td>\n<\/tr>\n<tr>\n<td colspan=\"3\" width=\"99.2800%\"><strong><b>CONFIGURACI\u00d3N:<\/b><\/strong><\/td>\n<\/tr>\n<tr>\n<td width=\"48.3200%\"><strong><b>Piezas<\/b><\/strong><\/td>\n<td width=\"25.9000%\"><strong><b>Marca<\/b><\/strong><\/td>\n<td width=\"24.3200%\"><strong><b>Pa\u00eds<\/b><\/strong><\/td>\n<\/tr>\n<tr>\n<td width=\"48.3200%\">Pantalla t\u00e1ctil<\/td>\n<td width=\"25.9000%\">Gefran<\/td>\n<td width=\"24.3200%\">Italia<\/td>\n<\/tr>\n<tr>\n<td width=\"48.3200%\">Sistema de control de parision<\/td>\n<td width=\"25.9000%\">Gefran<\/td>\n<td width=\"24.3200%\">Italia<\/td>\n<\/tr>\n<tr>\n<td width=\"48.3200%\">Sistema de control de PLC<\/td>\n<td width=\"25.9000%\">Gefran<\/td>\n<td width=\"24.3200%\">Italia<\/td>\n<\/tr>\n<tr>\n<td width=\"48.3200%\">M\u00f3dulo de control de temperatura<\/td>\n<td width=\"25.9000%\">Gefran<\/td>\n<td width=\"24.3200%\">Italia<\/td>\n<\/tr>\n<tr>\n<td width=\"48.3200%\">Transductor\u00a0servo<\/td>\n<td width=\"25.9000%\">Gefran<\/td>\n<td width=\"24.3200%\">Italia<\/td>\n<\/tr>\n<tr>\n<td width=\"48.3200%\">V\u00e1lvula\u00a0servo<\/td>\n<td width=\"25.9000%\">Atos<\/td>\n<td width=\"24.3200%\">Italia<\/td>\n<\/tr>\n<tr>\n<td width=\"48.3200%\">Bomba servo<\/td>\n<td width=\"25.9000%\">Sumitomo<\/td>\n<td width=\"24.3200%\">Jap\u00f3n<\/td>\n<\/tr>\n<tr>\n<td width=\"48.3200%\">Motor servo<\/td>\n<td width=\"25.9000%\">Phase<\/td>\n<td width=\"24.3200%\">Italia<\/td>\n<\/tr>\n<tr>\n<td width=\"48.3200%\">Bomba hidr\u00e1ulica<\/td>\n<td width=\"25.9000%\">Daikin<\/td>\n<td width=\"24.3200%\">Jap\u00f3n<\/td>\n<\/tr>\n<tr>\n<td width=\"48.3200%\">V\u00e1lvula hidr\u00e1ulica<\/td>\n<td width=\"25.9000%\">Yuken<\/td>\n<td width=\"24.3200%\">Jap\u00f3n<\/td>\n<\/tr>\n<tr>\n<td width=\"48.3200%\">Sello de hidr\u00e1ulico<\/td>\n<td width=\"25.9000%\">Valqua<\/td>\n<td width=\"24.3200%\">Jap\u00f3n<\/td>\n<\/tr>\n<tr>\n<td width=\"48.3200%\">Rel\u00e9 intermedio<\/td>\n<td width=\"25.9000%\">Omron<\/td>\n<td width=\"24.3200%\">Jap\u00f3n<\/td>\n<\/tr>\n<tr>\n<td width=\"48.3200%\">Convertidores de frecuencia<\/td>\n<td width=\"25.9000%\">Emerson<\/td>\n<td width=\"24.3200%\">Am\u00e9rica<\/td>\n<\/tr>\n<tr>\n<td width=\"48.3200%\">V\u00e1lvula neum\u00e1tica<\/td>\n<td width=\"25.9000%\">Airtac<\/td>\n<td width=\"24.3200%\">Taiw\u00e1n<\/td>\n<\/tr>\n<tr>\n<td width=\"48.3200%\">Interruptor neum\u00e1tico y contactor<\/td>\n<td width=\"25.9000%\">LG<\/td>\n<td width=\"24.3200%\">Corea<\/td>\n<\/tr>\n<\/tbody>\n<\/table>\n","protected":false},"excerpt":{"rendered":"<p>PTB300 es una m\u00e1quina de moldeo por soplado tipo cabezal de acumulador, el volumen del cabezal del acumulador es de 70 o 110 litros.\u00a0Por lo general se utiliza para personalizar algunos productos s\u00faper grandes, tales como tablas de surf, kayaks, grandes mesas redondas y as\u00ed sucesivamente.\u00a0Las materias primas utilizadas generalmente HMWHDPE, la operaci\u00f3n de accionamiento servo ser\u00e1 m\u00e1s estable.<\/p>\n","protected":false},"featured_media":533,"template":"","meta":{"site-sidebar-layout":"no-sidebar","site-content-layout":"boxed-container","ast-site-content-layout":"","site-content-style":"default","site-sidebar-style":"default","ast-global-header-display":"","ast-banner-title-visibility":"","ast-main-header-display":"","ast-hfb-above-header-display":"","ast-hfb-below-header-display":"","ast-hfb-mobile-header-display":"","site-post-title":"","ast-breadcrumbs-content":"","ast-featured-img":"","footer-sml-layout":"","theme-transparent-header-meta":"default","adv-header-id-meta":"","stick-header-meta":"default","header-above-stick-meta":"","header-main-stick-meta":"","header-below-stick-meta":"","astra-migrate-meta-layouts":"","ast-page-background-enabled":"default","ast-page-background-meta":{"desktop":{"background-color":"","background-image":"","background-repeat":"repeat","background-position":"center center","background-size":"auto","background-attachment":"scroll","background-type":"","background-media":"","overlay-type":"","overlay-color":"","overlay-gradient":""},"tablet":{"background-color":"","background-image":"","background-repeat":"repeat","background-position":"center center","background-size":"auto","background-attachment":"scroll","background-type":"","background-media":"","overlay-type":"","overlay-color":"","overlay-gradient":""},"mobile":{"background-color":"","background-image":"","background-repeat":"repeat","background-position":"center center","background-size":"auto","background-attachment":"scroll","background-type":"","background-media":"","overlay-type":"","overlay-color":"","overlay-gradient":""}},"ast-content-background-meta":{"desktop":{"background-color":"var(--ast-global-color-5)","background-image":"","background-repeat":"repeat","background-position":"center center","background-size":"auto","background-attachment":"scroll","background-type":"","background-media":"","overlay-type":"","overlay-color":"","overlay-gradient":""},"tablet":{"background-color":"var(--ast-global-color-5)","background-image":"","background-repeat":"repeat","background-position":"center center","background-size":"auto","background-attachment":"scroll","background-type":"","background-media":"","overlay-type":"","overlay-color":"","overlay-gradient":""},"mobile":{"background-color":"var(--ast-global-color-5)","background-image":"","background-repeat":"repeat","background-position":"center center","background-size":"auto","background-attachment":"scroll","background-type":"","background-media":"","overlay-type":"","overlay-color":"","overlay-gradient":""}}},"product_cat":[19],"product_tag":[],"_links":{"self":[{"href":"https:\/\/www.chinaplastictech.com\/es\/wp-json\/wp\/v2\/product\/565"}],"collection":[{"href":"https:\/\/www.chinaplastictech.com\/es\/wp-json\/wp\/v2\/product"}],"about":[{"href":"https:\/\/www.chinaplastictech.com\/es\/wp-json\/wp\/v2\/types\/product"}],"wp:featuredmedia":[{"embeddable":true,"href":"https:\/\/www.chinaplastictech.com\/es\/wp-json\/wp\/v2\/media\/533"}],"wp:attachment":[{"href":"https:\/\/www.chinaplastictech.com\/es\/wp-json\/wp\/v2\/media?parent=565"}],"wp:term":[{"taxonomy":"product_cat","embeddable":true,"href":"https:\/\/www.chinaplastictech.com\/es\/wp-json\/wp\/v2\/product_cat?post=565"},{"taxonomy":"product_tag","embeddable":true,"href":"https:\/\/www.chinaplastictech.com\/es\/wp-json\/wp\/v2\/product_tag?post=565"}],"curies":[{"name":"wp","href":"https:\/\/api.w.org\/{rel}","templated":true}]}}