{"id":564,"date":"2020-06-20T21:33:23","date_gmt":"2020-06-20T13:33:23","guid":{"rendered":"https:\/\/www.chinaplastictech.com\/es\/?post_type=product&#038;p=564"},"modified":"2020-08-13T12:53:17","modified_gmt":"2020-08-13T04:53:17","slug":"serie-ptb240","status":"publish","type":"product","link":"https:\/\/www.chinaplastictech.com\/es\/M\u00e1quina-De-Moldeo-Por-Soplado\/serie-ptb240\/","title":{"rendered":"Serie PTB240 (Tanque IBC)"},"content":{"rendered":"<table>\n<tbody>\n<tr>\n<td colspan=\"3\" width=\"99.2800%\"><strong><b>PAR\u00c1METRO:<\/b><\/strong><\/td>\n<\/tr>\n<tr>\n<td width=\"48.6800%\"><strong><b>Especificaciones<\/b><\/strong><\/td>\n<td width=\"25.7200%\"><strong><b>Unidades<\/b><\/strong><\/td>\n<td width=\"24.1400%\"><strong><b>PTB<\/b><\/strong><strong><b>240<\/b><\/strong><\/td>\n<\/tr>\n<tr>\n<td width=\"48.6800%\">Capacidad m\u00e1xima del contenedor<\/td>\n<td width=\"25.7200%\">L<\/td>\n<td width=\"24.1400%\">1000<\/td>\n<\/tr>\n<tr>\n<td width=\"48.6800%\">N\u00famero de cabezas de troquel<\/td>\n<td width=\"25.7200%\">Conjunto<\/td>\n<td width=\"24.1400%\">1<\/td>\n<\/tr>\n<tr>\n<td width=\"48.6800%\">Dimensi\u00f3n de la m\u00e1quina (L*W*H)<\/td>\n<td width=\"25.7200%\">M<\/td>\n<td width=\"24.1400%\">11.5x9x6.5<\/td>\n<\/tr>\n<tr>\n<td width=\"48.6800%\">Peso total<\/td>\n<td width=\"25.7200%\">Tonelada<\/td>\n<td width=\"24.1400%\">88<\/td>\n<\/tr>\n<tr>\n<td colspan=\"2\" width=\"74.7800%\">&nbsp;<\/td>\n<td>&nbsp;<\/td>\n<\/tr>\n<tr>\n<td colspan=\"2\" width=\"74.7800%\"><strong><b>Unidad De <\/b><\/strong><strong><b>Sujeci\u00f3n<\/b><\/strong><\/td>\n<td>&nbsp;<\/td>\n<\/tr>\n<tr>\n<td width=\"48.6800%\">Fuerza de sujeci\u00f3n<\/td>\n<td width=\"25.7200%\">KN<\/td>\n<td width=\"24.1400%\">1500<\/td>\n<\/tr>\n<tr>\n<td width=\"48.6800%\">Carrera de apertura de sujeci\u00f3n<\/td>\n<td width=\"25.7200%\">mm<\/td>\n<td width=\"24.1400%\">1000-2500<\/td>\n<\/tr>\n<tr>\n<td width=\"48.6800%\">Tama\u00f1o de la platina<\/td>\n<td width=\"25.7200%\">mm<\/td>\n<td width=\"24.1400%\">1800&#215;1600<\/td>\n<\/tr>\n<tr>\n<td width=\"48.6800%\">Tama\u00f1o m\u00e1ximo del molde (W*H)<\/td>\n<td width=\"25.7200%\">mm<\/td>\n<td width=\"24.1400%\">1500&#215;1700<\/td>\n<\/tr>\n<tr>\n<td width=\"48.6800%\">Espesor del molde<\/td>\n<td width=\"25.7200%\">mm<\/td>\n<td width=\"24.1400%\">\/<\/td>\n<\/tr>\n<tr>\n<td colspan=\"2\" width=\"74.7800%\">&nbsp;<\/td>\n<td>&nbsp;<\/td>\n<\/tr>\n<tr>\n<td colspan=\"2\" width=\"74.7800%\"><strong><b>Unidad De Potencia<\/b><\/strong><\/td>\n<td>&nbsp;<\/td>\n<\/tr>\n<tr>\n<td width=\"48.6800%\">Potencia total<\/td>\n<td width=\"25.7200%\">KW<\/td>\n<td width=\"24.1400%\">430<\/td>\n<\/tr>\n<tr>\n<td width=\"48.6800%\">Potencia del ventilador<\/td>\n<td width=\"25.7200%\">KW<\/td>\n<td width=\"24.1400%\">0.18&#215;6<\/td>\n<\/tr>\n<tr>\n<td width=\"48.6800%\">Presi\u00f3n del aire<\/td>\n<td width=\"25.7200%\">Mpa<\/td>\n<td width=\"24.1400%\">1.2<\/td>\n<\/tr>\n<tr>\n<td width=\"48.6800%\">Consumo de aire<\/td>\n<td width=\"25.7200%\">M3\/min<\/td>\n<td width=\"24.1400%\">6.0<\/td>\n<\/tr>\n<tr>\n<td width=\"48.6800%\">Consumo medio de energ\u00eda<\/td>\n<td width=\"25.7200%\">KW<\/td>\n<td width=\"24.1400%\">290<\/td>\n<\/tr>\n<tr>\n<td colspan=\"2\" width=\"74.7800%\">&nbsp;<\/td>\n<td>&nbsp;<\/td>\n<\/tr>\n<tr>\n<td colspan=\"2\" width=\"74.7800%\"><strong><b>Unidad Extrusora<\/b><\/strong><\/td>\n<td>&nbsp;<\/td>\n<\/tr>\n<tr>\n<td width=\"48.6800%\">Di\u00e1metro del tornillo<\/td>\n<td width=\"25.7200%\">mm<\/td>\n<td width=\"24.1400%\">120&#215;2<\/td>\n<\/tr>\n<tr>\n<td width=\"48.6800%\">Relaci\u00f3n de L\/D del tornillo<\/td>\n<td width=\"25.7200%\">L\/D<\/td>\n<td width=\"24.1400%\">30<\/td>\n<\/tr>\n<tr>\n<td width=\"48.6800%\">Capacidad de plastificaci\u00f3n<\/td>\n<td width=\"25.7200%\">Kg\/hora<\/td>\n<td width=\"24.1400%\">620<\/td>\n<\/tr>\n<tr>\n<td width=\"48.6800%\">N\u00famero de grupos de calefacci\u00f3n<\/td>\n<td width=\"25.7200%\">Grupos<\/td>\n<td width=\"24.1400%\">12<\/td>\n<\/tr>\n<tr>\n<td width=\"48.6800%\">Potencia de calefacci\u00f3n\u00a0del\u00a0extrusor<\/td>\n<td width=\"25.7200%\">KW<\/td>\n<td width=\"24.1400%\">78<\/td>\n<\/tr>\n<tr>\n<td width=\"48.6800%\">Potencia de conducci\u00f3n del extrusor<\/td>\n<td width=\"25.7200%\">KW<\/td>\n<td width=\"24.1400%\">132&#215;2<\/td>\n<\/tr>\n<tr>\n<td colspan=\"2\" width=\"74.7800%\">&nbsp;<\/td>\n<td>&nbsp;<\/td>\n<\/tr>\n<tr>\n<td colspan=\"2\" width=\"74.7800%\"><strong><b>Unidad De Cabezal<\/b><\/strong><\/td>\n<td>&nbsp;<\/td>\n<\/tr>\n<tr>\n<td width=\"48.6800%\">N\u00famero de grupos de calefacci\u00f3n<\/td>\n<td width=\"25.7200%\">Grupos<\/td>\n<td width=\"24.1400%\">10<\/td>\n<\/tr>\n<tr>\n<td width=\"48.6800%\">Potencia de calefacci\u00f3n\u00a0del cabeza<\/td>\n<td width=\"25.7200%\">KW<\/td>\n<td width=\"24.1400%\">80<\/td>\n<\/tr>\n<tr>\n<td width=\"48.6800%\">Di\u00e1metro m\u00e1ximo del pasador<\/td>\n<td width=\"25.7200%\">mm<\/td>\n<td width=\"24.1400%\">700<\/td>\n<\/tr>\n<tr>\n<td width=\"48.6800%\">Volumen del acumulador<\/td>\n<td width=\"25.7200%\">L<\/td>\n<td width=\"24.1400%\">70<\/td>\n<\/tr>\n<tr>\n<td width=\"48.6800%\">&nbsp;<\/td>\n<td width=\"25.7200%\">&nbsp;<\/td>\n<td width=\"24.1400%\">&nbsp;<\/td>\n<\/tr>\n<tr>\n<td colspan=\"3\" width=\"99.2800%\"><strong><b>CONFIGURACI\u00d3N:<\/b><\/strong><\/td>\n<\/tr>\n<tr>\n<td width=\"48.6800%\"><strong><b>Piezas<\/b><\/strong><\/td>\n<td width=\"25.7200%\"><strong><b>Marca<\/b><\/strong><\/td>\n<td width=\"24.1400%\"><strong><b>Pa\u00eds<\/b><\/strong><\/td>\n<\/tr>\n<tr>\n<td width=\"48.6800%\">Pantalla t\u00e1ctil<\/td>\n<td width=\"25.7200%\">Gefran<\/td>\n<td width=\"24.1400%\">Italia<\/td>\n<\/tr>\n<tr>\n<td width=\"48.6800%\">Sistema de control de parision<\/td>\n<td width=\"25.7200%\">Gefran<\/td>\n<td width=\"24.1400%\">Italia<\/td>\n<\/tr>\n<tr>\n<td width=\"48.6800%\">Sistema de control de PLC<\/td>\n<td width=\"25.7200%\">Gefran<\/td>\n<td width=\"24.1400%\">Italia<\/td>\n<\/tr>\n<tr>\n<td width=\"48.6800%\">M\u00f3dulo de control de temperatura<\/td>\n<td width=\"25.7200%\">Gefran<\/td>\n<td width=\"24.1400%\">Italia<\/td>\n<\/tr>\n<tr>\n<td width=\"48.6800%\">Transductor\u00a0servo<\/td>\n<td width=\"25.7200%\">Gefran<\/td>\n<td width=\"24.1400%\">Italia<\/td>\n<\/tr>\n<tr>\n<td width=\"48.6800%\">V\u00e1lvula\u00a0servo<\/td>\n<td width=\"25.7200%\">Atos<\/td>\n<td width=\"24.1400%\">Italia<\/td>\n<\/tr>\n<tr>\n<td width=\"48.6800%\">Bomba servo<\/td>\n<td width=\"25.7200%\">Sumitomo<\/td>\n<td width=\"24.1400%\">Jap\u00f3n<\/td>\n<\/tr>\n<tr>\n<td width=\"48.6800%\">Motor servo<\/td>\n<td width=\"25.7200%\">Phase<\/td>\n<td width=\"24.1400%\">Italia<\/td>\n<\/tr>\n<tr>\n<td width=\"48.6800%\">Bomba hidr\u00e1ulica<\/td>\n<td width=\"25.7200%\">Daikin<\/td>\n<td width=\"24.1400%\">Jap\u00f3n<\/td>\n<\/tr>\n<tr>\n<td width=\"48.6800%\">V\u00e1lvula hidr\u00e1ulica<\/td>\n<td width=\"25.7200%\">Yuken<\/td>\n<td width=\"24.1400%\">Jap\u00f3n<\/td>\n<\/tr>\n<tr>\n<td width=\"48.6800%\">Sello de hidr\u00e1ulico<\/td>\n<td width=\"25.7200%\">Valqua<\/td>\n<td width=\"24.1400%\">Jap\u00f3n<\/td>\n<\/tr>\n<tr>\n<td width=\"48.6800%\">Rel\u00e9 intermedio<\/td>\n<td width=\"25.7200%\">Omron<\/td>\n<td width=\"24.1400%\">Jap\u00f3n<\/td>\n<\/tr>\n<tr>\n<td width=\"48.6800%\">Convertidores de frecuencia<\/td>\n<td width=\"25.7200%\">Emerson<\/td>\n<td width=\"24.1400%\">Am\u00e9rica<\/td>\n<\/tr>\n<tr>\n<td width=\"48.6800%\">V\u00e1lvula neum\u00e1tica<\/td>\n<td width=\"25.7200%\">Airtac<\/td>\n<td width=\"24.1400%\">Taiw\u00e1n<\/td>\n<\/tr>\n<tr>\n<td width=\"48.6800%\">Interruptor neum\u00e1tico y contactor<\/td>\n<td width=\"25.7200%\">LG<\/td>\n<td width=\"24.1400%\">Corea<\/td>\n<\/tr>\n<\/tbody>\n<\/table>\n","protected":false},"excerpt":{"rendered":"<p>PTB240 es un equipo especial utilizado para producir 1000 litros y 1200 litros tanque IBC y palet de carga de moldeo por soplado, volumen de cabezal de acumulado 70 litros, materias primas generalmente utilizadas HMWHDPE, la operaci\u00f3n de accionamiento servo ser\u00e1 m\u00e1s estable.<\/p>\n","protected":false},"featured_media":532,"template":"","meta":{"site-sidebar-layout":"no-sidebar","site-content-layout":"boxed-container","ast-site-content-layout":"","site-content-style":"default","site-sidebar-style":"default","ast-global-header-display":"","ast-banner-title-visibility":"","ast-main-header-display":"","ast-hfb-above-header-display":"","ast-hfb-below-header-display":"","ast-hfb-mobile-header-display":"","site-post-title":"","ast-breadcrumbs-content":"","ast-featured-img":"","footer-sml-layout":"","theme-transparent-header-meta":"default","adv-header-id-meta":"","stick-header-meta":"default","header-above-stick-meta":"","header-main-stick-meta":"","header-below-stick-meta":"","astra-migrate-meta-layouts":"","ast-page-background-enabled":"default","ast-page-background-meta":{"desktop":{"background-color":"","background-image":"","background-repeat":"repeat","background-position":"center center","background-size":"auto","background-attachment":"scroll","background-type":"","background-media":"","overlay-type":"","overlay-color":"","overlay-gradient":""},"tablet":{"background-color":"","background-image":"","background-repeat":"repeat","background-position":"center center","background-size":"auto","background-attachment":"scroll","background-type":"","background-media":"","overlay-type":"","overlay-color":"","overlay-gradient":""},"mobile":{"background-color":"","background-image":"","background-repeat":"repeat","background-position":"center center","background-size":"auto","background-attachment":"scroll","background-type":"","background-media":"","overlay-type":"","overlay-color":"","overlay-gradient":""}},"ast-content-background-meta":{"desktop":{"background-color":"var(--ast-global-color-5)","background-image":"","background-repeat":"repeat","background-position":"center center","background-size":"auto","background-attachment":"scroll","background-type":"","background-media":"","overlay-type":"","overlay-color":"","overlay-gradient":""},"tablet":{"background-color":"var(--ast-global-color-5)","background-image":"","background-repeat":"repeat","background-position":"center center","background-size":"auto","background-attachment":"scroll","background-type":"","background-media":"","overlay-type":"","overlay-color":"","overlay-gradient":""},"mobile":{"background-color":"var(--ast-global-color-5)","background-image":"","background-repeat":"repeat","background-position":"center center","background-size":"auto","background-attachment":"scroll","background-type":"","background-media":"","overlay-type":"","overlay-color":"","overlay-gradient":""}}},"product_cat":[19],"product_tag":[],"_links":{"self":[{"href":"https:\/\/www.chinaplastictech.com\/es\/wp-json\/wp\/v2\/product\/564"}],"collection":[{"href":"https:\/\/www.chinaplastictech.com\/es\/wp-json\/wp\/v2\/product"}],"about":[{"href":"https:\/\/www.chinaplastictech.com\/es\/wp-json\/wp\/v2\/types\/product"}],"wp:featuredmedia":[{"embeddable":true,"href":"https:\/\/www.chinaplastictech.com\/es\/wp-json\/wp\/v2\/media\/532"}],"wp:attachment":[{"href":"https:\/\/www.chinaplastictech.com\/es\/wp-json\/wp\/v2\/media?parent=564"}],"wp:term":[{"taxonomy":"product_cat","embeddable":true,"href":"https:\/\/www.chinaplastictech.com\/es\/wp-json\/wp\/v2\/product_cat?post=564"},{"taxonomy":"product_tag","embeddable":true,"href":"https:\/\/www.chinaplastictech.com\/es\/wp-json\/wp\/v2\/product_tag?post=564"}],"curies":[{"name":"wp","href":"https:\/\/api.w.org\/{rel}","templated":true}]}}