{"id":562,"date":"2020-06-20T21:26:42","date_gmt":"2020-06-20T13:26:42","guid":{"rendered":"https:\/\/www.chinaplastictech.com\/es\/?post_type=product&#038;p=562"},"modified":"2020-08-13T12:52:20","modified_gmt":"2020-08-13T04:52:20","slug":"serie-ptb82pc","status":"publish","type":"product","link":"https:\/\/www.chinaplastictech.com\/es\/M\u00e1quina-De-Moldeo-Por-Soplado\/serie-ptb82pc\/","title":{"rendered":"Serie PTB82PC (Cubo De Agua)"},"content":{"rendered":"<table>\n<tbody>\n<tr>\n<td colspan=\"3\" width=\"575\"><strong><b>PAR\u00c1METRO:<\/b><\/strong><\/td>\n<\/tr>\n<tr>\n<td width=\"241\"><strong><b>Especificaciones<\/b><\/strong><\/td>\n<td width=\"127\"><strong><b>Unidades<\/b><\/strong><\/td>\n<td width=\"206\"><strong><b>PTB82PC<\/b><\/strong><\/td>\n<\/tr>\n<tr>\n<td colspan=\"3\" width=\"575\"><strong><b>Unidad De Sujeci\u00f3n<\/b><\/strong><\/td>\n<\/tr>\n<tr>\n<td width=\"241\">Estilo de sujeci\u00f3n<\/td>\n<td colspan=\"2\" width=\"334\">Barra de tracci\u00f3n doble\/central clamping\/linear guide<\/td>\n<\/tr>\n<tr>\n<td width=\"241\">Tama\u00f1o de la platina<\/td>\n<td width=\"127\">Mm<\/td>\n<td width=\"206\">720&#215;600<\/td>\n<\/tr>\n<tr>\n<td width=\"241\">Trazo de abierto\u00a0de molde<\/td>\n<td width=\"127\">Mm<\/td>\n<td width=\"206\">350-780<\/td>\n<\/tr>\n<tr>\n<td width=\"241\">N\u00fameros de\u00a0barra de tracci\u00f3n<\/td>\n<td width=\"127\">Pcs<\/td>\n<td width=\"206\">2<\/td>\n<\/tr>\n<tr>\n<td width=\"241\">Precisi\u00f3n de la platina<\/td>\n<td width=\"127\">%<\/td>\n<td width=\"206\">0.08<\/td>\n<\/tr>\n<tr>\n<td width=\"241\">N\u00fameros de cilindro hidr\u00e1ulicos<\/td>\n<td width=\"127\">Pcs<\/td>\n<td width=\"206\">1<\/td>\n<\/tr>\n<tr>\n<td width=\"241\">Di\u00e1metro del cilindro<\/td>\n<td width=\"127\">Mm<\/td>\n<td width=\"206\">125<\/td>\n<\/tr>\n<tr>\n<td width=\"241\">Fuerza de sujeci\u00f3n<\/td>\n<td width=\"127\">Kn<\/td>\n<td width=\"206\">176<\/td>\n<\/tr>\n<tr>\n<td width=\"241\">Soporte de platina<\/td>\n<td colspan=\"2\" width=\"334\">Rodillo\/gu\u00eda lineal<\/td>\n<\/tr>\n<tr>\n<td width=\"241\">Medici\u00f3n de la distancia<\/td>\n<td colspan=\"2\" width=\"334\">Transductor\/interruptor aproximado<\/td>\n<\/tr>\n<tr>\n<td rowspan=\"3\" width=\"241\">&nbsp;<\/p>\n<p>Levantamiento de plataforma<\/td>\n<td width=\"127\">Modelo<\/td>\n<td width=\"206\">Conducci\u00f3n de\u00a0motor hidr\u00e1ulico<\/td>\n<\/tr>\n<tr>\n<td width=\"127\">Estilo<\/td>\n<td width=\"206\">Rueda de gusano\/tornillo<\/td>\n<\/tr>\n<tr>\n<td width=\"127\">Distancia<\/td>\n<td width=\"206\">200mm<\/td>\n<\/tr>\n<tr>\n<td width=\"241\">Cabeza de movi\u00e9ndose<\/td>\n<td colspan=\"2\" width=\"334\">Conducci\u00f3n de cilindros hidr\u00e1ulicos<\/td>\n<\/tr>\n<tr>\n<td width=\"241\">Distancia de movimiento de cabeza<\/td>\n<td width=\"127\">Mm<\/td>\n<td width=\"206\">400<\/td>\n<\/tr>\n<tr>\n<td width=\"241\">Altura de\u00a0escalera<\/td>\n<td width=\"127\">Mm<\/td>\n<td width=\"206\">1800<\/td>\n<\/tr>\n<tr>\n<td width=\"241\">Peso de la m\u00e1quina<\/td>\n<td width=\"127\">Tonelada<\/td>\n<td width=\"206\">12<\/td>\n<\/tr>\n<tr>\n<td colspan=\"3\" width=\"575\">&nbsp;<\/td>\n<\/tr>\n<tr>\n<td colspan=\"3\" width=\"575\"><strong><b>Unidad Extrusora<\/b><\/strong><\/td>\n<\/tr>\n<tr>\n<td width=\"241\">Material de barril y tornillo<\/td>\n<td colspan=\"2\" width=\"334\">38\u00a0C2MOALA\/ Superficie De Nitrurante<\/td>\n<\/tr>\n<tr>\n<td width=\"241\">Rigidez<\/td>\n<td colspan=\"2\" width=\"334\">\u2265800<\/td>\n<\/tr>\n<tr>\n<td width=\"241\">Fragilidad<\/td>\n<td colspan=\"2\" width=\"334\">\u22642<\/td>\n<\/tr>\n<tr>\n<td width=\"241\">Relaci\u00f3n de l\/d del tornillo<\/td>\n<td colspan=\"2\" width=\"334\">38<\/td>\n<\/tr>\n<tr>\n<td width=\"241\">Di\u00e1metro del tornillo<\/td>\n<td width=\"127\">MM<\/td>\n<td width=\"206\">82<\/td>\n<\/tr>\n<tr>\n<td width=\"241\">N\u00famero de grupos de ventilador<\/td>\n<td width=\"127\">NO.<\/td>\n<td width=\"206\">6<\/td>\n<\/tr>\n<tr>\n<td width=\"241\">Potencia del ventilador<\/td>\n<td width=\"127\">KW<\/td>\n<td width=\"206\">0.18*6<\/td>\n<\/tr>\n<tr>\n<td width=\"241\">Material del calentador<\/td>\n<td colspan=\"2\" width=\"334\">Aluminio fundido<\/td>\n<\/tr>\n<tr>\n<td width=\"241\">N\u00famero de grupos de calefacci\u00f3n<\/td>\n<td width=\"127\">PCS<\/td>\n<td width=\"206\">7<\/td>\n<\/tr>\n<tr>\n<td width=\"241\">Potencia de calefacci\u00f3n<\/td>\n<td width=\"127\">KW<\/td>\n<td width=\"206\">20.2<\/td>\n<\/tr>\n<tr>\n<td width=\"241\">Precisi\u00f3n de calefacci\u00f3n<\/td>\n<td width=\"127\">\u2103<\/td>\n<td width=\"206\">1<\/td>\n<\/tr>\n<tr>\n<td width=\"241\">Tolva<\/td>\n<td colspan=\"2\" width=\"334\">Tolva de secado 400kg equipada<\/td>\n<\/tr>\n<tr>\n<td width=\"241\">Barandilla<\/td>\n<td colspan=\"2\" width=\"334\">Fijaci\u00f3n<\/td>\n<\/tr>\n<tr>\n<td width=\"241\">Tipo de extrusi\u00f3n<\/td>\n<td colspan=\"2\" width=\"334\">Extrusi\u00f3n intermitente<\/td>\n<\/tr>\n<tr>\n<td colspan=\"3\" width=\"575\">&nbsp;<\/td>\n<\/tr>\n<tr>\n<td colspan=\"3\" width=\"575\"><strong><b>Unidad De Cabezal<\/b><\/strong><\/td>\n<\/tr>\n<tr>\n<td width=\"241\">Tipo de cabeza<\/td>\n<td colspan=\"2\" width=\"334\">Continuamente\/Alimentaci\u00f3n Central\/Verticalmente<\/td>\n<\/tr>\n<tr>\n<td width=\"241\">Material de la cabeza<\/td>\n<td colspan=\"2\" width=\"334\">38\u00a0C2MOALA\/ Superficie De Nitrurante<\/td>\n<\/tr>\n<tr>\n<td rowspan=\"3\" width=\"241\">&nbsp;<\/p>\n<p>Calentadores para la cabeza<\/td>\n<td width=\"127\">Material<\/td>\n<td width=\"206\">Acero inoxidable<\/td>\n<\/tr>\n<tr>\n<td width=\"127\">PCS\/KW<\/td>\n<td width=\"206\">5\/5<\/td>\n<\/tr>\n<tr>\n<td width=\"127\">Precisi\u00f3n<\/td>\n<td width=\"206\">\u00b11\u2103<\/td>\n<\/tr>\n<tr>\n<td width=\"241\">Acumulando volumen<\/td>\n<td width=\"127\">L<\/td>\n<td width=\"206\">1.5<\/td>\n<\/tr>\n<tr>\n<td width=\"241\">Forma de medici\u00f3n<\/td>\n<td colspan=\"2\" width=\"334\">Transductor<\/td>\n<\/tr>\n<tr>\n<td width=\"241\">Di\u00e1metro m\u00e1ximo de cabeza<\/td>\n<td width=\"127\">MM<\/td>\n<td width=\"206\">160<\/td>\n<\/tr>\n<tr>\n<td width=\"241\">Cilindro de control parison<\/td>\n<td colspan=\"2\" width=\"334\">Distancia m\u00f3vil 20mm<\/td>\n<\/tr>\n<tr>\n<td width=\"241\">Presi\u00f3n hidr\u00e1ulica del cilindro<\/td>\n<td width=\"127\">MPA<\/td>\n<td width=\"206\">12<\/td>\n<\/tr>\n<tr>\n<td colspan=\"3\" width=\"575\">&nbsp;<\/td>\n<\/tr>\n<tr>\n<td colspan=\"3\" width=\"575\"><strong><b>Unidad De Potencia<\/b><\/strong><\/td>\n<\/tr>\n<tr>\n<td width=\"241\">Potencia del interruptor de aire<\/td>\n<td colspan=\"2\" width=\"334\">200A<\/td>\n<\/tr>\n<tr>\n<td width=\"241\">Cable<\/td>\n<td colspan=\"2\" width=\"334\">3\u00a0fases\/4 cables\/30\u33a1\/n\u00facleo de cobre<\/td>\n<\/tr>\n<tr>\n<td width=\"241\">Consumo medio de energ\u00eda<\/td>\n<td width=\"127\">KW<\/td>\n<td width=\"206\">42<\/td>\n<\/tr>\n<tr>\n<td colspan=\"3\" width=\"575\">&nbsp;<\/td>\n<\/tr>\n<tr>\n<td colspan=\"3\" width=\"575\"><strong><b>Unidad De<\/b><\/strong><strong><b>\u00a0<\/b><\/strong><strong><b>Hidr\u00e1ulico<\/b><\/strong><\/td>\n<\/tr>\n<tr>\n<td width=\"241\">Principio de trabajo<\/td>\n<td colspan=\"2\" width=\"334\">Control de presi\u00f3n proporcional, ahorro de energ\u00eda<\/td>\n<\/tr>\n<tr>\n<td rowspan=\"3\" width=\"241\">&nbsp;<\/p>\n<p>Bomba hidr\u00e1ulica<\/td>\n<td width=\"127\">Modelo<\/td>\n<td width=\"206\">PV2R184<\/td>\n<\/tr>\n<tr>\n<td width=\"127\">Flujo<\/td>\n<td width=\"206\">184ML\/REV<\/td>\n<\/tr>\n<tr>\n<td width=\"127\">Presi\u00f3n<\/td>\n<td width=\"206\">16MPA<\/td>\n<\/tr>\n<tr>\n<td width=\"241\">Filtrado de circuitos de aceite<\/td>\n<td colspan=\"2\" width=\"334\">Circling aceite \/aceite de alimentaci\u00f3n filtrado<\/td>\n<\/tr>\n<tr>\n<td width=\"241\">Potencia motora hidr\u00e1ulica<\/td>\n<td width=\"127\">KW<\/td>\n<td width=\"206\">45<\/td>\n<\/tr>\n<tr>\n<td width=\"241\">Aceite hidr\u00e1ulico cargado<\/td>\n<td colspan=\"2\" width=\"334\">Clase\u00a046#\/340L<\/td>\n<\/tr>\n<tr>\n<td colspan=\"3\" width=\"575\">&nbsp;<\/td>\n<\/tr>\n<tr>\n<td colspan=\"3\" width=\"575\"><strong><b>Unidad De<\/b><\/strong><strong><b>\u00a0<\/b><\/strong><strong><b>Control De Parision<\/b><\/strong><\/td>\n<\/tr>\n<tr>\n<td width=\"241\">Color de la pantalla t\u00e1ctil<\/td>\n<td colspan=\"2\" width=\"334\">Color de la tetura<\/td>\n<\/tr>\n<tr>\n<td width=\"241\">Dimensi\u00f3n de la pantalla t\u00e1ctil<\/td>\n<td colspan=\"2\" width=\"334\">10.4 pulgada<\/td>\n<\/tr>\n<tr>\n<td width=\"241\">Velocidad de respuesta<\/td>\n<td width=\"127\">MM\/SEC<\/td>\n<td width=\"206\">1000<\/td>\n<\/tr>\n<tr>\n<td width=\"241\">Ahorro de f\u00f3rmula<\/td>\n<td width=\"127\">NO.<\/td>\n<td width=\"206\">100<\/td>\n<\/tr>\n<tr>\n<td width=\"241\">Distancia<\/td>\n<td width=\"127\">MM<\/td>\n<td width=\"206\">20<\/td>\n<\/tr>\n<tr>\n<td width=\"241\">Servo\u00a0de presi\u00f3n<\/td>\n<td width=\"127\">MPA<\/td>\n<td width=\"206\">14<\/td>\n<\/tr>\n<tr>\n<td colspan=\"3\" width=\"575\">&nbsp;<\/td>\n<\/tr>\n<tr>\n<td colspan=\"3\" width=\"575\"><strong><b>Unidad De Seguro De Seguridad<\/b><\/strong><\/td>\n<\/tr>\n<tr>\n<td width=\"241\">Puerta de seguridad<\/td>\n<td width=\"127\">NO.<\/td>\n<td width=\"206\">4<\/td>\n<\/tr>\n<tr>\n<td width=\"241\">Ojos el\u00e9ctricos<\/td>\n<td width=\"127\">NO.<\/td>\n<td width=\"206\">2<\/td>\n<\/tr>\n<tr>\n<td width=\"241\">Rango de inducci\u00f3n<\/td>\n<td width=\"127\">MM<\/td>\n<td width=\"206\">400<\/td>\n<\/tr>\n<tr>\n<td width=\"241\">Interruptor de emergencia<\/td>\n<td colspan=\"2\" width=\"334\">Parada de emergencia, reposici\u00f3n \/ bot\u00f3n de apertura de emergencia<\/td>\n<\/tr>\n<tr>\n<td colspan=\"3\" width=\"575\">&nbsp;<\/td>\n<\/tr>\n<tr>\n<td colspan=\"3\" width=\"575\"><strong><b>A<\/b><\/strong><strong><b>gua <\/b><\/strong><strong><b>D<\/b><\/strong><strong><b>e <\/b><\/strong><strong><b>R<\/b><\/strong><strong><b>efrigeraci\u00f3n <\/b><\/strong><strong><b>Y<\/b><\/strong><strong><b>\u00a0<\/b><\/strong><strong><b>U<\/b><\/strong><strong><b>nidad<\/b><\/strong><strong><b>\u00a0N<\/b><\/strong><strong><b>eum\u00e1tica<\/b><\/strong><\/td>\n<\/tr>\n<tr>\n<td width=\"241\">Circuito de agua incorporado<\/td>\n<td colspan=\"2\" width=\"334\">Todos conectados antes de la entrega<\/td>\n<\/tr>\n<tr>\n<td width=\"241\">Entrada de circuito de agua<\/td>\n<td colspan=\"2\" width=\"334\">2 l\u00edneas, tubo de 3\/4 pulgadas<\/td>\n<\/tr>\n<tr>\n<td width=\"241\">Consumo de agua de refrigeraci\u00f3n<\/td>\n<td width=\"127\">L\/HORA<\/td>\n<td width=\"206\">4500<\/td>\n<\/tr>\n<tr>\n<td width=\"241\">Material de tuber\u00eda de aire<\/td>\n<td colspan=\"2\" width=\"334\">PU PIPE<\/td>\n<\/tr>\n<tr>\n<td width=\"241\">V\u00e1lvula neum\u00e1tica<\/td>\n<td width=\"127\">NO.<\/td>\n<td width=\"206\">4<\/td>\n<\/tr>\n<tr>\n<td width=\"241\">Di\u00e1metro<\/td>\n<td width=\"127\">MM<\/td>\n<td width=\"206\">12<\/td>\n<\/tr>\n<tr>\n<td width=\"241\">Cilindro neum\u00e1tico<\/td>\n<td width=\"127\">NO.<\/td>\n<td width=\"206\">2<\/td>\n<\/tr>\n<tr>\n<td width=\"241\">Consumo de aire comprimido<\/td>\n<td width=\"127\">L\/HORA<\/td>\n<td width=\"206\">1000<\/td>\n<\/tr>\n<tr>\n<td width=\"241\">Compresi\u00f3n solicitada<\/td>\n<td width=\"127\">KG\/CM<\/td>\n<td width=\"206\">8<\/td>\n<\/tr>\n<tr>\n<td colspan=\"3\" width=\"575\">&nbsp;<\/td>\n<\/tr>\n<tr>\n<td colspan=\"3\" width=\"575\"><strong><b>UNIDAD <\/b><\/strong><strong><b>DE <\/b><\/strong><strong><b>AUXILIAR<\/b><\/strong><\/td>\n<\/tr>\n<tr>\n<td width=\"241\">Brazo robot<\/td>\n<td colspan=\"2\" width=\"334\">Distancia f\/b\u00a01000mm; distancia de\u00a0abrazadera\u00a080mm<\/td>\n<\/tr>\n<tr>\n<td width=\"241\">Sistema de soplado inferior<\/td>\n<td colspan=\"2\" width=\"334\">Cilindro de elevaci\u00f3n\/10MPA<\/td>\n<\/tr>\n<tr>\n<td width=\"241\">Dispositivo de sellado<\/td>\n<td colspan=\"2\" width=\"334\">Opcional<\/td>\n<\/tr>\n<tr>\n<td width=\"241\">Dispositivo de desbarbado autom\u00e1tico<\/td>\n<td colspan=\"2\" width=\"334\">Opcional<\/td>\n<\/tr>\n<tr>\n<td colspan=\"3\" width=\"575\">&nbsp;<\/td>\n<\/tr>\n<tr>\n<td colspan=\"3\" width=\"575\"><strong><b>CONFIGURACI\u00d3N:<\/b><\/strong><\/td>\n<\/tr>\n<tr>\n<td width=\"241\">Sistema de control de PLC<\/td>\n<td width=\"127\">Mitsusbishi<\/td>\n<td width=\"206\">Jap\u00f3n<\/td>\n<\/tr>\n<tr>\n<td width=\"241\">M\u00f3dulo de control de temperatura<\/td>\n<td width=\"127\">Mitsusbishi<\/td>\n<td width=\"206\">Jap\u00f3n<\/td>\n<\/tr>\n<tr>\n<td width=\"241\">V\u00e1lvula servo<\/td>\n<td width=\"127\">Moog<\/td>\n<td width=\"206\">Jap\u00f3n<\/td>\n<\/tr>\n<tr>\n<td width=\"241\">Sistema de control de parision<\/td>\n<td width=\"127\">Moog<\/td>\n<td width=\"206\">Jap\u00f3n<\/td>\n<\/tr>\n<tr>\n<td width=\"241\">Convertidores de frecuencia<\/td>\n<td width=\"127\">Emerson<\/td>\n<td width=\"206\">Alemania<\/td>\n<\/tr>\n<tr>\n<td width=\"241\">Sello de hidr\u00e1ulico<\/td>\n<td width=\"127\">Valqua<\/td>\n<td width=\"206\">Jap\u00f3n<\/td>\n<\/tr>\n<tr>\n<td width=\"241\">Rel\u00e9 intermedio<\/td>\n<td width=\"127\">Omron<\/td>\n<td width=\"206\">Jap\u00f3n<\/td>\n<\/tr>\n<tr>\n<td width=\"241\">V\u00e1lvula neum\u00e1tica<\/td>\n<td width=\"127\">Smc<\/td>\n<td width=\"206\">Jap\u00f3n<\/td>\n<\/tr>\n<tr>\n<td width=\"241\">V\u00e1lvula\u00a0y bomba de\u00a0hidr\u00e1ulica<\/td>\n<td width=\"127\">Yuken<\/td>\n<td width=\"206\">Jap\u00f3n<\/td>\n<\/tr>\n<tr>\n<td width=\"241\">Interruptor neum\u00e1tico<\/td>\n<td width=\"127\">LG<\/td>\n<td width=\"206\">Corea<\/td>\n<\/tr>\n<tr>\n<td width=\"241\">Motor<\/td>\n<td width=\"127\">Aoming<\/td>\n<td width=\"206\">China<\/td>\n<\/tr>\n<\/tbody>\n<\/table>\n","protected":false},"excerpt":{"rendered":"<p>PTB82PC es un equipo especial utilizado para producir productos huecos hechos de PC como materias primas, generalmente utilizados en la producci\u00f3n\u00a0botella de agua de 5 galones, pantalla de l\u00e1mparas, carcasa de bombilla y otros productos de PC, es un proceso de disparo, bajo ruido y operaci\u00f3n suave, la velocidad de producci\u00f3n para la botella de agua de 5 galones es superior a 60 por hora.<\/p>\n","protected":false},"featured_media":524,"template":"","meta":{"site-sidebar-layout":"no-sidebar","site-content-layout":"boxed-container","ast-site-content-layout":"","site-content-style":"default","site-sidebar-style":"default","ast-global-header-display":"","ast-banner-title-visibility":"","ast-main-header-display":"","ast-hfb-above-header-display":"","ast-hfb-below-header-display":"","ast-hfb-mobile-header-display":"","site-post-title":"","ast-breadcrumbs-content":"","ast-featured-img":"","footer-sml-layout":"","theme-transparent-header-meta":"default","adv-header-id-meta":"","stick-header-meta":"default","header-above-stick-meta":"","header-main-stick-meta":"","header-below-stick-meta":"","astra-migrate-meta-layouts":"","ast-page-background-enabled":"default","ast-page-background-meta":{"desktop":{"background-color":"","background-image":"","background-repeat":"repeat","background-position":"center center","background-size":"auto","background-attachment":"scroll","background-type":"","background-media":"","overlay-type":"","overlay-color":"","overlay-gradient":""},"tablet":{"background-color":"","background-image":"","background-repeat":"repeat","background-position":"center center","background-size":"auto","background-attachment":"scroll","background-type":"","background-media":"","overlay-type":"","overlay-color":"","overlay-gradient":""},"mobile":{"background-color":"","background-image":"","background-repeat":"repeat","background-position":"center center","background-size":"auto","background-attachment":"scroll","background-type":"","background-media":"","overlay-type":"","overlay-color":"","overlay-gradient":""}},"ast-content-background-meta":{"desktop":{"background-color":"var(--ast-global-color-5)","background-image":"","background-repeat":"repeat","background-position":"center center","background-size":"auto","background-attachment":"scroll","background-type":"","background-media":"","overlay-type":"","overlay-color":"","overlay-gradient":""},"tablet":{"background-color":"var(--ast-global-color-5)","background-image":"","background-repeat":"repeat","background-position":"center center","background-size":"auto","background-attachment":"scroll","background-type":"","background-media":"","overlay-type":"","overlay-color":"","overlay-gradient":""},"mobile":{"background-color":"var(--ast-global-color-5)","background-image":"","background-repeat":"repeat","background-position":"center center","background-size":"auto","background-attachment":"scroll","background-type":"","background-media":"","overlay-type":"","overlay-color":"","overlay-gradient":""}}},"product_cat":[19],"product_tag":[],"_links":{"self":[{"href":"https:\/\/www.chinaplastictech.com\/es\/wp-json\/wp\/v2\/product\/562"}],"collection":[{"href":"https:\/\/www.chinaplastictech.com\/es\/wp-json\/wp\/v2\/product"}],"about":[{"href":"https:\/\/www.chinaplastictech.com\/es\/wp-json\/wp\/v2\/types\/product"}],"wp:featuredmedia":[{"embeddable":true,"href":"https:\/\/www.chinaplastictech.com\/es\/wp-json\/wp\/v2\/media\/524"}],"wp:attachment":[{"href":"https:\/\/www.chinaplastictech.com\/es\/wp-json\/wp\/v2\/media?parent=562"}],"wp:term":[{"taxonomy":"product_cat","embeddable":true,"href":"https:\/\/www.chinaplastictech.com\/es\/wp-json\/wp\/v2\/product_cat?post=562"},{"taxonomy":"product_tag","embeddable":true,"href":"https:\/\/www.chinaplastictech.com\/es\/wp-json\/wp\/v2\/product_tag?post=562"}],"curies":[{"name":"wp","href":"https:\/\/api.w.org\/{rel}","templated":true}]}}