{"id":560,"date":"2020-06-20T21:19:56","date_gmt":"2020-06-20T13:19:56","guid":{"rendered":"https:\/\/www.chinaplastictech.com\/es\/?post_type=product&#038;p=560"},"modified":"2020-08-13T12:54:21","modified_gmt":"2020-08-13T04:54:21","slug":"serie-ptb120z","status":"publish","type":"product","link":"https:\/\/www.chinaplastictech.com\/es\/M\u00e1quina-De-Moldeo-Por-Soplado\/serie-ptb120z\/","title":{"rendered":"Serie PTB120Z (350 litros.)"},"content":{"rendered":"<table>\n<tbody>\n<tr>\n<td colspan=\"3\" width=\"99.2800%\"><strong><b>PAR\u00c1METRO:<\/b><\/strong><\/td>\n<\/tr>\n<tr>\n<td width=\"49.0400%\"><strong><b>Especificaciones<\/b><\/strong><\/td>\n<td width=\"25.5400%\"><strong><b>Unidades<\/b><\/strong><\/td>\n<td width=\"23.9600%\"><strong><b>PTB<\/b><\/strong><strong><b>120Z<\/b><\/strong><\/td>\n<\/tr>\n<tr>\n<td width=\"49.0400%\">Capacidad m\u00e1xima del contenedor<\/td>\n<td width=\"25.5400%\">L<\/td>\n<td width=\"23.9600%\">350<\/td>\n<\/tr>\n<tr>\n<td width=\"49.0400%\">N\u00famero de cabezas de troquel<\/td>\n<td width=\"25.5400%\">Conjunto<\/td>\n<td width=\"23.9600%\">1<\/td>\n<\/tr>\n<tr>\n<td width=\"49.0400%\">Dimensi\u00f3n de la m\u00e1quina (L*W*H)<\/td>\n<td width=\"25.5400%\">M<\/td>\n<td width=\"23.9600%\">10.9&#215;4.3&#215;7.5<\/td>\n<\/tr>\n<tr>\n<td width=\"49.0400%\">Peso total<\/td>\n<td width=\"25.5400%\">Tonelada<\/td>\n<td width=\"23.9600%\">70<\/td>\n<\/tr>\n<tr>\n<td colspan=\"2\" width=\"74.9600%\">&nbsp;<\/td>\n<td>&nbsp;<\/td>\n<\/tr>\n<tr>\n<td colspan=\"2\" width=\"74.9600%\"><strong><b>Unidad De <\/b><\/strong><strong><b>Sujeci\u00f3n<\/b><\/strong><\/td>\n<td>&nbsp;<\/td>\n<\/tr>\n<tr>\n<td width=\"49.0400%\">Fuerza de sujeci\u00f3n<\/td>\n<td width=\"25.5400%\">KN<\/td>\n<td width=\"23.9600%\">1800<\/td>\n<\/tr>\n<tr>\n<td width=\"49.0400%\">Carrera de apertura de sujeci\u00f3n<\/td>\n<td width=\"25.5400%\">mm<\/td>\n<td width=\"23.9600%\">1000-3000<\/td>\n<\/tr>\n<tr>\n<td width=\"49.0400%\">Tama\u00f1o de la platina<\/td>\n<td width=\"25.5400%\">mm<\/td>\n<td width=\"23.9600%\">1700&#215;2000<\/td>\n<\/tr>\n<tr>\n<td width=\"49.0400%\">Tama\u00f1o m\u00e1ximo del molde (W*H)<\/td>\n<td width=\"25.5400%\">mm<\/td>\n<td width=\"23.9600%\">1700&#215;1800<\/td>\n<\/tr>\n<tr>\n<td width=\"49.0400%\">Espesor del molde<\/td>\n<td width=\"25.5400%\">mm<\/td>\n<td width=\"23.9600%\">\/<\/td>\n<\/tr>\n<tr>\n<td colspan=\"2\" width=\"74.9600%\">&nbsp;<\/td>\n<td>&nbsp;<\/td>\n<\/tr>\n<tr>\n<td colspan=\"2\" width=\"74.9600%\"><strong><b>Unidad De Potencia<\/b><\/strong><\/td>\n<td>&nbsp;<\/td>\n<\/tr>\n<tr>\n<td width=\"49.0400%\">Potencia total<\/td>\n<td width=\"25.5400%\">KW<\/td>\n<td width=\"23.9600%\">388<\/td>\n<\/tr>\n<tr>\n<td width=\"49.0400%\">Potencia de accionamiento hidr\u00e1ulico<\/td>\n<td width=\"25.5400%\">KW<\/td>\n<td width=\"23.9600%\">37+15<\/td>\n<\/tr>\n<tr>\n<td width=\"49.0400%\">Presi\u00f3n del aire<\/td>\n<td width=\"25.5400%\">Mpa<\/td>\n<td width=\"23.9600%\">1.0<\/td>\n<\/tr>\n<tr>\n<td width=\"49.0400%\">Consumo de aire<\/td>\n<td width=\"25.5400%\">M3\/min<\/td>\n<td width=\"23.9600%\">5.0<\/td>\n<\/tr>\n<tr>\n<td width=\"49.0400%\">Consumo medio de energ\u00eda<\/td>\n<td width=\"25.5400%\">KW<\/td>\n<td width=\"23.9600%\">260<\/td>\n<\/tr>\n<tr>\n<td colspan=\"2\" width=\"74.9600%\">&nbsp;<\/td>\n<td>&nbsp;<\/td>\n<\/tr>\n<tr>\n<td colspan=\"2\" width=\"74.9600%\"><strong><b>Unidad Extrusora<\/b><\/strong><\/td>\n<td>&nbsp;<\/td>\n<\/tr>\n<tr>\n<td width=\"49.0400%\">Di\u00e1metro del tornillo<\/td>\n<td width=\"25.5400%\">mm<\/td>\n<td width=\"23.9600%\">150<\/td>\n<\/tr>\n<tr>\n<td width=\"49.0400%\">Relaci\u00f3n de L\/D del tornillo<\/td>\n<td width=\"25.5400%\">L\/D<\/td>\n<td width=\"23.9600%\">30<\/td>\n<\/tr>\n<tr>\n<td width=\"49.0400%\">Capacidad de plastificaci\u00f3n<\/td>\n<td width=\"25.5400%\">Kg\/hora<\/td>\n<td width=\"23.9600%\">600<\/td>\n<\/tr>\n<tr>\n<td width=\"49.0400%\">N\u00famero de grupos de calefacci\u00f3n<\/td>\n<td width=\"25.5400%\">Grupos<\/td>\n<td width=\"23.9600%\">6<\/td>\n<\/tr>\n<tr>\n<td width=\"49.0400%\">Potencia de calefacci\u00f3n\u00a0del\u00a0extrusor<\/td>\n<td width=\"25.5400%\">KW<\/td>\n<td width=\"23.9600%\">48<\/td>\n<\/tr>\n<tr>\n<td width=\"49.0400%\">Potencia de conducci\u00f3n del extrusor<\/td>\n<td width=\"25.5400%\">KW<\/td>\n<td width=\"23.9600%\">160<\/td>\n<\/tr>\n<tr>\n<td colspan=\"2\" width=\"74.9600%\">&nbsp;<\/td>\n<td>&nbsp;<\/td>\n<\/tr>\n<tr>\n<td colspan=\"2\" width=\"74.9600%\"><strong><b>Unidad De Cabezal<\/b><\/strong><\/td>\n<td>&nbsp;<\/td>\n<\/tr>\n<tr>\n<td width=\"49.0400%\">N\u00famero de grupos de calefacci\u00f3n<\/td>\n<td width=\"25.5400%\">Grupos<\/td>\n<td width=\"23.9600%\">6<\/td>\n<\/tr>\n<tr>\n<td width=\"49.0400%\">Potencia de calefacci\u00f3n\u00a0del cabeza<\/td>\n<td width=\"25.5400%\">KW<\/td>\n<td width=\"23.9600%\">80<\/td>\n<\/tr>\n<tr>\n<td width=\"49.0400%\">Di\u00e1metro m\u00e1ximo del pasador<\/td>\n<td width=\"25.5400%\">mm<\/td>\n<td width=\"23.9600%\">800<\/td>\n<\/tr>\n<tr>\n<td width=\"49.0400%\">Volumen del acumulador<\/td>\n<td width=\"25.5400%\">L<\/td>\n<td width=\"23.9600%\">70\/80<\/td>\n<\/tr>\n<tr>\n<td width=\"49.0400%\">&nbsp;<\/td>\n<td width=\"25.5400%\">&nbsp;<\/td>\n<td width=\"23.9600%\">&nbsp;<\/td>\n<\/tr>\n<tr>\n<td colspan=\"3\" width=\"99.2800%\"><strong><b>CONFIGURACI\u00d3N:<\/b><\/strong><\/td>\n<\/tr>\n<tr>\n<td width=\"49.0400%\"><strong><b>Piezas<\/b><\/strong><\/td>\n<td width=\"25.5400%\"><strong><b>Marca<\/b><\/strong><\/td>\n<td width=\"23.9600%\"><strong><b>Pa\u00eds<\/b><\/strong><\/td>\n<\/tr>\n<tr>\n<td width=\"49.0400%\">Pantalla t\u00e1ctil<\/td>\n<td width=\"25.5400%\">Gefran<\/td>\n<td width=\"23.9600%\">Italia<\/td>\n<\/tr>\n<tr>\n<td width=\"49.0400%\">Sistema de control de parision<\/td>\n<td width=\"25.5400%\">Gefran<\/td>\n<td width=\"23.9600%\">Italia<\/td>\n<\/tr>\n<tr>\n<td width=\"49.0400%\">Sistema de control de PLC<\/td>\n<td width=\"25.5400%\">Gefran<\/td>\n<td width=\"23.9600%\">Italia<\/td>\n<\/tr>\n<tr>\n<td width=\"49.0400%\">M\u00f3dulo de control de temperatura<\/td>\n<td width=\"25.5400%\">Gefran<\/td>\n<td width=\"23.9600%\">Italia<\/td>\n<\/tr>\n<tr>\n<td width=\"49.0400%\">Transductor\u00a0servo<\/td>\n<td width=\"25.5400%\">Gefran<\/td>\n<td width=\"23.9600%\">Italia<\/td>\n<\/tr>\n<tr>\n<td width=\"49.0400%\">V\u00e1lvula\u00a0servo<\/td>\n<td width=\"25.5400%\">Atos<\/td>\n<td width=\"23.9600%\">Italia<\/td>\n<\/tr>\n<tr>\n<td width=\"49.0400%\">Bomba servo<\/td>\n<td width=\"25.5400%\">Sumitomo<\/td>\n<td width=\"23.9600%\">Jap\u00f3n<\/td>\n<\/tr>\n<tr>\n<td width=\"49.0400%\">Motor servo<\/td>\n<td width=\"25.5400%\">Phase<\/td>\n<td width=\"23.9600%\">Italia<\/td>\n<\/tr>\n<tr>\n<td width=\"49.0400%\">Bomba hidr\u00e1ulica<\/td>\n<td width=\"25.5400%\">Daikin<\/td>\n<td width=\"23.9600%\">Jap\u00f3n<\/td>\n<\/tr>\n<tr>\n<td width=\"49.0400%\">V\u00e1lvula hidr\u00e1ulica<\/td>\n<td width=\"25.5400%\">Yuken<\/td>\n<td width=\"23.9600%\">Jap\u00f3n<\/td>\n<\/tr>\n<tr>\n<td width=\"49.0400%\">Sello de hidr\u00e1ulico<\/td>\n<td width=\"25.5400%\">Valqua<\/td>\n<td width=\"23.9600%\">Jap\u00f3n<\/td>\n<\/tr>\n<tr>\n<td width=\"49.0400%\">Rel\u00e9 intermedio<\/td>\n<td width=\"25.5400%\">Omron<\/td>\n<td width=\"23.9600%\">Jap\u00f3n<\/td>\n<\/tr>\n<tr>\n<td width=\"49.0400%\">Convertidores de frecuencia<\/td>\n<td width=\"25.5400%\">Emerson<\/td>\n<td width=\"23.9600%\">Am\u00e9rica<\/td>\n<\/tr>\n<tr>\n<td width=\"49.0400%\">V\u00e1lvula neum\u00e1tica<\/td>\n<td width=\"25.5400%\">Airtac<\/td>\n<td width=\"23.9600%\">Taiw\u00e1n<\/td>\n<\/tr>\n<tr>\n<td width=\"49.0400%\">Interruptor neum\u00e1tico y contactor<\/td>\n<td width=\"25.5400%\">LG<\/td>\n<td width=\"23.9600%\">Corea<\/td>\n<\/tr>\n<\/tbody>\n<\/table>\n","protected":false},"excerpt":{"rendered":"<p>PTB120Z es una m\u00e1quina de moldeo por soplado tipo cabezal de acumulador, el volumen del cabezal del acumulador es de 25 litros.\u00a0Por lo general se utiliza para personalizar algunos productos irregulares medianos y grandes dentro de 350 litros, tales como mesa larga, instalaciones de recreaci\u00f3n al aire libre, base flotante fotovoltaica y as\u00ed sucesivamente.\u00a0Moldeo por soplado de materias primas como PE, PVC, ABS, etc., El funcionamiento del accionamiento servo ser\u00e1 m\u00e1s estable, la velocidad de producci\u00f3n es superior a 15 por hora.<\/p>\n","protected":false},"featured_media":528,"template":"","meta":{"site-sidebar-layout":"no-sidebar","site-content-layout":"boxed-container","ast-site-content-layout":"","site-content-style":"default","site-sidebar-style":"default","ast-global-header-display":"","ast-banner-title-visibility":"","ast-main-header-display":"","ast-hfb-above-header-display":"","ast-hfb-below-header-display":"","ast-hfb-mobile-header-display":"","site-post-title":"","ast-breadcrumbs-content":"","ast-featured-img":"","footer-sml-layout":"","theme-transparent-header-meta":"default","adv-header-id-meta":"","stick-header-meta":"default","header-above-stick-meta":"","header-main-stick-meta":"","header-below-stick-meta":"","astra-migrate-meta-layouts":"","ast-page-background-enabled":"default","ast-page-background-meta":{"desktop":{"background-color":"","background-image":"","background-repeat":"repeat","background-position":"center center","background-size":"auto","background-attachment":"scroll","background-type":"","background-media":"","overlay-type":"","overlay-color":"","overlay-gradient":""},"tablet":{"background-color":"","background-image":"","background-repeat":"repeat","background-position":"center center","background-size":"auto","background-attachment":"scroll","background-type":"","background-media":"","overlay-type":"","overlay-color":"","overlay-gradient":""},"mobile":{"background-color":"","background-image":"","background-repeat":"repeat","background-position":"center center","background-size":"auto","background-attachment":"scroll","background-type":"","background-media":"","overlay-type":"","overlay-color":"","overlay-gradient":""}},"ast-content-background-meta":{"desktop":{"background-color":"var(--ast-global-color-5)","background-image":"","background-repeat":"repeat","background-position":"center center","background-size":"auto","background-attachment":"scroll","background-type":"","background-media":"","overlay-type":"","overlay-color":"","overlay-gradient":""},"tablet":{"background-color":"var(--ast-global-color-5)","background-image":"","background-repeat":"repeat","background-position":"center center","background-size":"auto","background-attachment":"scroll","background-type":"","background-media":"","overlay-type":"","overlay-color":"","overlay-gradient":""},"mobile":{"background-color":"var(--ast-global-color-5)","background-image":"","background-repeat":"repeat","background-position":"center center","background-size":"auto","background-attachment":"scroll","background-type":"","background-media":"","overlay-type":"","overlay-color":"","overlay-gradient":""}}},"product_cat":[18],"product_tag":[],"_links":{"self":[{"href":"https:\/\/www.chinaplastictech.com\/es\/wp-json\/wp\/v2\/product\/560"}],"collection":[{"href":"https:\/\/www.chinaplastictech.com\/es\/wp-json\/wp\/v2\/product"}],"about":[{"href":"https:\/\/www.chinaplastictech.com\/es\/wp-json\/wp\/v2\/types\/product"}],"wp:featuredmedia":[{"embeddable":true,"href":"https:\/\/www.chinaplastictech.com\/es\/wp-json\/wp\/v2\/media\/528"}],"wp:attachment":[{"href":"https:\/\/www.chinaplastictech.com\/es\/wp-json\/wp\/v2\/media?parent=560"}],"wp:term":[{"taxonomy":"product_cat","embeddable":true,"href":"https:\/\/www.chinaplastictech.com\/es\/wp-json\/wp\/v2\/product_cat?post=560"},{"taxonomy":"product_tag","embeddable":true,"href":"https:\/\/www.chinaplastictech.com\/es\/wp-json\/wp\/v2\/product_tag?post=560"}],"curies":[{"name":"wp","href":"https:\/\/api.w.org\/{rel}","templated":true}]}}