{"id":316,"date":"2020-03-18T14:51:27","date_gmt":"2020-03-18T06:51:27","guid":{"rendered":"https:\/\/www.chinaplastictech.com\/es\/product\/anti-aging-face-cream\/"},"modified":"2020-08-13T12:57:16","modified_gmt":"2020-08-13T04:57:16","slug":"serie-tj1000d","status":"publish","type":"product","link":"https:\/\/www.chinaplastictech.com\/es\/M\u00e1quina-De-Moldeo-Por-Soplado\/serie-tj1000d\/","title":{"rendered":"Serie TJ1000D (5 litros.)"},"content":{"rendered":"<table>\n<tbody>\n<tr>\n<td colspan=\"3\" width=\"99.2800%\"><strong><b>PAR\u00c1METRO:<\/b><\/strong><\/td>\n<\/tr>\n<tr>\n<td width=\"47.9600%\"><strong><b>Especificaciones<\/b><\/strong><\/td>\n<td width=\"26.0800%\"><strong><b>Unidades<\/b><\/strong><\/td>\n<td width=\"24.4800%\"><strong><b>TJ1000<\/b><\/strong><strong><b>D<\/b><\/strong><\/td>\n<\/tr>\n<tr>\n<td width=\"47.9600%\">Capacidad m\u00e1xima del contenedor<\/td>\n<td width=\"26.0800%\">L<\/td>\n<td width=\"24.4800%\">5<\/td>\n<\/tr>\n<tr>\n<td width=\"47.9600%\">Ciclo vac\u00edo<\/td>\n<td width=\"26.0800%\">Segundo<\/td>\n<td width=\"24.4800%\">4<\/td>\n<\/tr>\n<tr>\n<td width=\"47.9600%\">N\u00famero de cabezas de troquel<\/td>\n<td width=\"26.0800%\">Conjunto<\/td>\n<td width=\"24.4800%\">1.2.3.4<\/td>\n<\/tr>\n<tr>\n<td width=\"47.9600%\">Dimensi\u00f3n de la m\u00e1quina (L*W*H)<\/td>\n<td width=\"26.0800%\">M<\/td>\n<td width=\"24.4800%\">4.0&#215;3.9&#215;3.0<\/td>\n<\/tr>\n<tr>\n<td colspan=\"2\" width=\"74.4200%\">&nbsp;<\/td>\n<td>&nbsp;<\/td>\n<\/tr>\n<tr>\n<td colspan=\"2\" width=\"74.4200%\"><strong><b>Unidad De <\/b><\/strong><strong><b>Sujeci\u00f3n<\/b><\/strong><\/td>\n<td>&nbsp;<\/td>\n<\/tr>\n<tr>\n<td width=\"47.9600%\">Fuerza de sujeci\u00f3n<\/td>\n<td width=\"26.0800%\">KN<\/td>\n<td width=\"24.4800%\">90<\/td>\n<\/tr>\n<tr>\n<td width=\"47.9600%\">Trazo de moviente de placa<\/td>\n<td width=\"26.0800%\">mm<\/td>\n<td width=\"24.4800%\">460<\/td>\n<\/tr>\n<tr>\n<td width=\"47.9600%\">Trazo de abierto\u00a0de molde<\/td>\n<td width=\"26.0800%\">mm<\/td>\n<td width=\"24.4800%\">296<\/td>\n<\/tr>\n<tr>\n<td width=\"47.9600%\">Longitud del molde<\/td>\n<td width=\"26.0800%\">mm<\/td>\n<td width=\"24.4800%\">345<\/td>\n<\/tr>\n<tr>\n<td width=\"47.9600%\">Ancho del molde<\/td>\n<td width=\"26.0800%\">mm<\/td>\n<td width=\"24.4800%\">440<\/td>\n<\/tr>\n<tr>\n<td width=\"47.9600%\">Espesor del molde<\/td>\n<td width=\"26.0800%\">mm<\/td>\n<td width=\"24.4800%\">2&#215;115<\/td>\n<\/tr>\n<tr>\n<td colspan=\"2\" width=\"74.4200%\">&nbsp;<\/td>\n<td>&nbsp;<\/td>\n<\/tr>\n<tr>\n<td colspan=\"2\" width=\"74.4200%\"><strong><b>Unidad De Potencia<\/b><\/strong><\/td>\n<td>&nbsp;<\/td>\n<\/tr>\n<tr>\n<td width=\"47.9600%\">Presi\u00f3n hidr\u00e1ulica<\/td>\n<td width=\"26.0800%\">Bar<\/td>\n<td width=\"24.4800%\">120\/160<\/td>\n<\/tr>\n<tr>\n<td width=\"47.9600%\">Presi\u00f3n del aire<\/td>\n<td width=\"26.0800%\">Mpa<\/td>\n<td width=\"24.4800%\">0.6\/1.0<\/td>\n<\/tr>\n<tr>\n<td width=\"47.9600%\">Consumo de aire<\/td>\n<td width=\"26.0800%\">M3\/min<\/td>\n<td width=\"24.4800%\">1.8<\/td>\n<\/tr>\n<tr>\n<td width=\"47.9600%\">Motor de bomba de aceite\u00a01<\/td>\n<td width=\"26.0800%\">KW<\/td>\n<td width=\"24.4800%\">15<\/td>\n<\/tr>\n<tr>\n<td width=\"47.9600%\">Motor de bomba de aceite\u00a02<\/td>\n<td width=\"26.0800%\">KW<\/td>\n<td width=\"24.4800%\">&#8211;<\/td>\n<\/tr>\n<tr>\n<td width=\"47.9600%\">Potencia de calefacci\u00f3n\u00a0del cabeza<\/td>\n<td width=\"26.0800%\">KW<\/td>\n<td width=\"24.4800%\">4\/6<\/td>\n<\/tr>\n<tr>\n<td width=\"47.9600%\">Consumo medio de energ\u00eda<\/td>\n<td width=\"26.0800%\">KW<\/td>\n<td width=\"24.4800%\">30<\/td>\n<\/tr>\n<tr>\n<td colspan=\"2\" width=\"74.4200%\">&nbsp;<\/td>\n<td>&nbsp;<\/td>\n<\/tr>\n<tr>\n<td colspan=\"2\" width=\"74.4200%\"><strong><b>Unidad Extrusora<\/b><\/strong><\/td>\n<td>&nbsp;<\/td>\n<\/tr>\n<tr>\n<td width=\"47.9600%\">Di\u00e1metro del tornillo<\/td>\n<td width=\"26.0800%\">mm<\/td>\n<td width=\"24.4800%\">70<\/td>\n<\/tr>\n<tr>\n<td width=\"47.9600%\">Relaci\u00f3n de L\/D del tornillo<\/td>\n<td width=\"26.0800%\">L\/D<\/td>\n<td width=\"24.4800%\">24<\/td>\n<\/tr>\n<tr>\n<td width=\"47.9600%\">Capacidad de plastificaci\u00f3n<\/td>\n<td width=\"26.0800%\">Kg\/hora<\/td>\n<td width=\"24.4800%\">85<\/td>\n<\/tr>\n<tr>\n<td width=\"47.9600%\">N\u00famero de grupos de calefacci\u00f3n<\/td>\n<td width=\"26.0800%\">Grupos<\/td>\n<td width=\"24.4800%\">3<\/td>\n<\/tr>\n<tr>\n<td width=\"47.9600%\">Potencia total<\/td>\n<td width=\"26.0800%\">KW<\/td>\n<td width=\"24.4800%\">44<\/td>\n<\/tr>\n<tr>\n<td width=\"47.9600%\">Potencia de conducci\u00f3n del extrusor<\/td>\n<td width=\"26.0800%\">KW<\/td>\n<td width=\"24.4800%\">30<\/td>\n<\/tr>\n<tr>\n<td colspan=\"2\" width=\"74.4200%\">&nbsp;<\/td>\n<td>&nbsp;<\/td>\n<\/tr>\n<tr>\n<td colspan=\"2\" width=\"74.4200%\"><strong><b>Unidad De Cabezal<\/b><\/strong><\/td>\n<td>&nbsp;<\/td>\n<\/tr>\n<tr>\n<td width=\"47.9600%\">Distancia central de\u00a0doble-cabeza<\/td>\n<td width=\"26.0800%\">mm<\/td>\n<td width=\"24.4800%\">160<\/td>\n<\/tr>\n<tr>\n<td width=\"47.9600%\">Distancia central de tri-cabeza<\/td>\n<td width=\"26.0800%\">mm<\/td>\n<td width=\"24.4800%\">110<\/td>\n<\/tr>\n<tr>\n<td width=\"47.9600%\">Distancia central de tetra-cabeza<\/td>\n<td width=\"26.0800%\">mm<\/td>\n<td width=\"24.4800%\">85<\/td>\n<\/tr>\n<tr>\n<td width=\"47.9600%\">&nbsp;<\/td>\n<td width=\"26.0800%\">&nbsp;<\/td>\n<td width=\"24.4800%\">&nbsp;<\/td>\n<\/tr>\n<tr>\n<td colspan=\"3\" width=\"99.2800%\"><strong><b>CONFIGURACI\u00d3N:<\/b><\/strong><\/td>\n<\/tr>\n<tr>\n<td width=\"47.9600%\"><strong><b>Piezas<\/b><\/strong><\/td>\n<td width=\"26.0800%\"><strong><b>Marca<\/b><\/strong><\/td>\n<td width=\"24.4800%\"><strong><b>Pa\u00eds<\/b><\/strong><\/td>\n<\/tr>\n<tr>\n<td width=\"47.9600%\">Pantalla t\u00e1ctil<\/td>\n<td width=\"26.0800%\">Gefran<\/td>\n<td width=\"24.4800%\">Italia<\/td>\n<\/tr>\n<tr>\n<td width=\"47.9600%\">Sistema de control de parision<\/td>\n<td width=\"26.0800%\">Gefran<\/td>\n<td width=\"24.4800%\">Italia<\/td>\n<\/tr>\n<tr>\n<td width=\"47.9600%\">M\u00f3dulo de control de temperatura<\/td>\n<td width=\"26.0800%\">Gefran<\/td>\n<td width=\"24.4800%\">Italia<\/td>\n<\/tr>\n<tr>\n<td width=\"47.9600%\">Sistema de control de PLC<\/td>\n<td width=\"26.0800%\">Gefran<\/td>\n<td width=\"24.4800%\">Italia<\/td>\n<\/tr>\n<tr>\n<td width=\"47.9600%\">Transductor\u00a0servo<\/td>\n<td width=\"26.0800%\">Gefran<\/td>\n<td width=\"24.4800%\">Italia<\/td>\n<\/tr>\n<tr>\n<td width=\"47.9600%\">V\u00e1lvula servo<\/td>\n<td width=\"26.0800%\">Atos<\/td>\n<td width=\"24.4800%\">Italia<\/td>\n<\/tr>\n<tr>\n<td width=\"47.9600%\">Bomba hidr\u00e1ulica<\/td>\n<td width=\"26.0800%\">Yuken<\/td>\n<td width=\"24.4800%\">Jap\u00f3n<\/td>\n<\/tr>\n<tr>\n<td width=\"47.9600%\">V\u00e1lvula hidr\u00e1ulica<\/td>\n<td width=\"26.0800%\">Yuken<\/td>\n<td width=\"24.4800%\">Jap\u00f3n<\/td>\n<\/tr>\n<tr>\n<td width=\"47.9600%\">Convertidores de frecuencia<\/td>\n<td width=\"26.0800%\">Emerson<\/td>\n<td width=\"24.4800%\">Am\u00e9rica<\/td>\n<\/tr>\n<tr>\n<td width=\"47.9600%\">V\u00e1lvula neum\u00e1tica<\/td>\n<td width=\"26.0800%\">Festo<\/td>\n<td width=\"24.4800%\">Alemania<\/td>\n<\/tr>\n<\/tbody>\n<\/table>\n","protected":false},"excerpt":{"rendered":"<p>El modelo de alta velocidad TJ1000D est\u00e1 dise\u00f1ado para la alta automatizaci\u00f3n, puede ser altamente automatizado con equipos auxiliares.\u00a0Su volumen m\u00e1ximo de producto es de 5 litros.\u00a0Es un equipo de estaci\u00f3n doble capaz de montar hasta cabezas de tetra-die.\u00a0Moldeo por soplado de materias primas como PE, PP, PVC, etc., La operaci\u00f3n de accionamiento servo ser\u00e1 m\u00e1s estable, la velocidad de producci\u00f3n de cuatro cavidades es superior a 1400 por hora.<\/p>\n","protected":false},"featured_media":536,"template":"","meta":{"site-sidebar-layout":"no-sidebar","site-content-layout":"boxed-container","ast-site-content-layout":"","site-content-style":"default","site-sidebar-style":"default","ast-global-header-display":"","ast-banner-title-visibility":"","ast-main-header-display":"","ast-hfb-above-header-display":"","ast-hfb-below-header-display":"","ast-hfb-mobile-header-display":"","site-post-title":"","ast-breadcrumbs-content":"","ast-featured-img":"","footer-sml-layout":"","theme-transparent-header-meta":"default","adv-header-id-meta":"","stick-header-meta":"default","header-above-stick-meta":"","header-main-stick-meta":"","header-below-stick-meta":"","astra-migrate-meta-layouts":"","ast-page-background-enabled":"default","ast-page-background-meta":{"desktop":{"background-color":"","background-image":"","background-repeat":"repeat","background-position":"center center","background-size":"auto","background-attachment":"scroll","background-type":"","background-media":"","overlay-type":"","overlay-color":"","overlay-gradient":""},"tablet":{"background-color":"","background-image":"","background-repeat":"repeat","background-position":"center center","background-size":"auto","background-attachment":"scroll","background-type":"","background-media":"","overlay-type":"","overlay-color":"","overlay-gradient":""},"mobile":{"background-color":"","background-image":"","background-repeat":"repeat","background-position":"center center","background-size":"auto","background-attachment":"scroll","background-type":"","background-media":"","overlay-type":"","overlay-color":"","overlay-gradient":""}},"ast-content-background-meta":{"desktop":{"background-color":"var(--ast-global-color-5)","background-image":"","background-repeat":"repeat","background-position":"center center","background-size":"auto","background-attachment":"scroll","background-type":"","background-media":"","overlay-type":"","overlay-color":"","overlay-gradient":""},"tablet":{"background-color":"var(--ast-global-color-5)","background-image":"","background-repeat":"repeat","background-position":"center center","background-size":"auto","background-attachment":"scroll","background-type":"","background-media":"","overlay-type":"","overlay-color":"","overlay-gradient":""},"mobile":{"background-color":"var(--ast-global-color-5)","background-image":"","background-repeat":"repeat","background-position":"center center","background-size":"auto","background-attachment":"scroll","background-type":"","background-media":"","overlay-type":"","overlay-color":"","overlay-gradient":""}}},"product_cat":[17],"product_tag":[27],"_links":{"self":[{"href":"https:\/\/www.chinaplastictech.com\/es\/wp-json\/wp\/v2\/product\/316"}],"collection":[{"href":"https:\/\/www.chinaplastictech.com\/es\/wp-json\/wp\/v2\/product"}],"about":[{"href":"https:\/\/www.chinaplastictech.com\/es\/wp-json\/wp\/v2\/types\/product"}],"wp:featuredmedia":[{"embeddable":true,"href":"https:\/\/www.chinaplastictech.com\/es\/wp-json\/wp\/v2\/media\/536"}],"wp:attachment":[{"href":"https:\/\/www.chinaplastictech.com\/es\/wp-json\/wp\/v2\/media?parent=316"}],"wp:term":[{"taxonomy":"product_cat","embeddable":true,"href":"https:\/\/www.chinaplastictech.com\/es\/wp-json\/wp\/v2\/product_cat?post=316"},{"taxonomy":"product_tag","embeddable":true,"href":"https:\/\/www.chinaplastictech.com\/es\/wp-json\/wp\/v2\/product_tag?post=316"}],"curies":[{"name":"wp","href":"https:\/\/api.w.org\/{rel}","templated":true}]}}