{"id":314,"date":"2020-03-18T14:47:38","date_gmt":"2020-03-18T06:47:38","guid":{"rendered":"https:\/\/www.chinaplastictech.com\/es\/product\/beauty-face-cream\/"},"modified":"2020-08-13T12:58:26","modified_gmt":"2020-08-13T04:58:26","slug":"serie-ptb70l","status":"publish","type":"product","link":"https:\/\/www.chinaplastictech.com\/es\/M\u00e1quina-De-Moldeo-Por-Soplado\/serie-ptb70l\/","title":{"rendered":"Serie PTB70L (12 litros.)"},"content":{"rendered":"<table>\n<tbody>\n<tr>\n<td colspan=\"3\" width=\"99.2800%\"><strong><b>PAR\u00c1METRO:<\/b><\/strong><\/td>\n<\/tr>\n<tr>\n<td width=\"52.3800%\"><strong><b>Especificaciones<\/b><\/strong><\/td>\n<td width=\"23.9600%\"><strong><b>Unidades<\/b><\/strong><\/td>\n<td width=\"22.2200%\"><strong><b>PTB<\/b><\/strong><strong><b>70L<\/b><\/strong><\/td>\n<\/tr>\n<tr>\n<td width=\"52.3800%\">Capacidad m\u00e1xima del contenedor<\/td>\n<td width=\"23.9600%\">L<\/td>\n<td width=\"22.2200%\">10<\/td>\n<\/tr>\n<tr>\n<td width=\"52.3800%\">N\u00famero de cabezas de troquel<\/td>\n<td width=\"23.9600%\">Conjunto<\/td>\n<td width=\"22.2200%\">1.2.3.4<\/td>\n<\/tr>\n<tr>\n<td width=\"52.3800%\">Dimensi\u00f3n de la m\u00e1quina (L*W*H)<\/td>\n<td width=\"23.9600%\">M<\/td>\n<td width=\"22.2200%\">3.5&#215;2.1&#215;2.5<\/td>\n<\/tr>\n<tr>\n<td width=\"52.3800%\">Peso total<\/td>\n<td width=\"23.9600%\">Tonelada<\/td>\n<td width=\"22.2200%\">6.5<\/td>\n<\/tr>\n<tr>\n<td colspan=\"2\" width=\"76.7000%\">&nbsp;<\/td>\n<td>&nbsp;<\/td>\n<\/tr>\n<tr>\n<td colspan=\"2\" width=\"76.7000%\"><strong><b>Unidad De <\/b><\/strong><strong><b>Sujeci\u00f3n<\/b><\/strong><\/td>\n<td>&nbsp;<\/td>\n<\/tr>\n<tr>\n<td width=\"52.3800%\">Fuerza de sujeci\u00f3n<\/td>\n<td width=\"23.9600%\">KN<\/td>\n<td width=\"22.2200%\">125<\/td>\n<\/tr>\n<tr>\n<td width=\"52.3800%\">Carrera de apertura de sujeci\u00f3n<\/td>\n<td width=\"23.9600%\">mm<\/td>\n<td width=\"22.2200%\">200-600<\/td>\n<\/tr>\n<tr>\n<td width=\"52.3800%\">Tama\u00f1o de la platina<\/td>\n<td width=\"23.9600%\">mm<\/td>\n<td width=\"22.2200%\">550&#215;580<\/td>\n<\/tr>\n<tr>\n<td width=\"52.3800%\">Tama\u00f1o m\u00e1ximo del molde (W*H)<\/td>\n<td width=\"23.9600%\">mm<\/td>\n<td width=\"22.2200%\">600&#215;600<\/td>\n<\/tr>\n<tr>\n<td width=\"52.3800%\">Espesor del molde<\/td>\n<td width=\"23.9600%\">mm<\/td>\n<td width=\"22.2200%\">210-350<\/td>\n<\/tr>\n<tr>\n<td colspan=\"2\" width=\"76.7000%\">&nbsp;<\/td>\n<td>&nbsp;<\/td>\n<\/tr>\n<tr>\n<td colspan=\"2\" width=\"76.7000%\"><strong><b>Unidad De Potencia<\/b><\/strong><\/td>\n<td>&nbsp;<\/td>\n<\/tr>\n<tr>\n<td width=\"52.3800%\">M\u00e1xima de accionamiento<\/td>\n<td width=\"23.9600%\">KW<\/td>\n<td width=\"22.2200%\">37<\/td>\n<\/tr>\n<tr>\n<td width=\"52.3800%\">Potencia total<\/td>\n<td width=\"23.9600%\">KW<\/td>\n<td width=\"22.2200%\">58<\/td>\n<\/tr>\n<tr>\n<td width=\"52.3800%\">Potencia del ventilador<\/td>\n<td width=\"23.9600%\">KW<\/td>\n<td width=\"22.2200%\">0.14&#215;3<\/td>\n<\/tr>\n<tr>\n<td width=\"52.3800%\">Presi\u00f3n del aire<\/td>\n<td width=\"23.9600%\">Mpa<\/td>\n<td width=\"22.2200%\">0.7<\/td>\n<\/tr>\n<tr>\n<td width=\"52.3800%\">Consumo de aire<\/td>\n<td width=\"23.9600%\">M3\/min<\/td>\n<td width=\"22.2200%\">0.9<\/td>\n<\/tr>\n<tr>\n<td width=\"52.3800%\">Consumo medio de energ\u00eda<\/td>\n<td width=\"23.9600%\">KW<\/td>\n<td width=\"22.2200%\">20<\/td>\n<\/tr>\n<tr>\n<td colspan=\"2\" width=\"76.7000%\">&nbsp;<\/td>\n<td>&nbsp;<\/td>\n<\/tr>\n<tr>\n<td colspan=\"2\" width=\"76.7000%\"><strong><b>Unidad Extrusora<\/b><\/strong><\/td>\n<td>&nbsp;<\/td>\n<\/tr>\n<tr>\n<td width=\"52.3800%\">Di\u00e1metro del tornillo<\/td>\n<td width=\"23.9600%\">mm<\/td>\n<td width=\"22.2200%\">70<\/td>\n<\/tr>\n<tr>\n<td width=\"52.3800%\">Relaci\u00f3n de L\/D del tornillo<\/td>\n<td width=\"23.9600%\">L\/D<\/td>\n<td width=\"22.2200%\">24<\/td>\n<\/tr>\n<tr>\n<td width=\"52.3800%\">Capacidad de plastificaci\u00f3n<\/td>\n<td width=\"23.9600%\">Kg\/hora<\/td>\n<td width=\"22.2200%\">72<\/td>\n<\/tr>\n<tr>\n<td width=\"52.3800%\">N\u00famero de grupos de calefacci\u00f3n<\/td>\n<td width=\"23.9600%\">Grupos<\/td>\n<td width=\"22.2200%\">3<\/td>\n<\/tr>\n<tr>\n<td width=\"52.3800%\">Potencia de calefacci\u00f3n\u00a0del\u00a0extrusor<\/td>\n<td width=\"23.9600%\">KW<\/td>\n<td width=\"22.2200%\">14.2<\/td>\n<\/tr>\n<tr>\n<td width=\"52.3800%\">Potencia de conducci\u00f3n del extrusor<\/td>\n<td width=\"23.9600%\">KW<\/td>\n<td width=\"22.2200%\">22<\/td>\n<\/tr>\n<tr>\n<td colspan=\"2\" width=\"76.7000%\">&nbsp;<\/td>\n<td>&nbsp;<\/td>\n<\/tr>\n<tr>\n<td colspan=\"2\" width=\"76.7000%\"><strong><b>Unidad De Cabezal<\/b><\/strong><\/td>\n<td>&nbsp;<\/td>\n<\/tr>\n<tr>\n<td width=\"52.3800%\">N\u00famero de grupos de calefacci\u00f3n<\/td>\n<td width=\"23.9600%\">Grupos<\/td>\n<td width=\"22.2200%\">3<\/td>\n<\/tr>\n<tr>\n<td width=\"52.3800%\">Potencia de calefacci\u00f3n\u00a0del cabeza<\/td>\n<td width=\"23.9600%\">KW<\/td>\n<td width=\"22.2200%\">6.5<\/td>\n<\/tr>\n<tr>\n<td width=\"52.3800%\">Di\u00e1metro m\u00e1ximo del pasador<\/td>\n<td width=\"23.9600%\">mm<\/td>\n<td width=\"22.2200%\">180<\/td>\n<\/tr>\n<tr>\n<td width=\"52.3800%\">Distancia central de\u00a0doble-cabeza<\/td>\n<td width=\"23.9600%\">mm<\/td>\n<td width=\"22.2200%\">260<\/td>\n<\/tr>\n<tr>\n<td width=\"52.3800%\">Distancia central de tri-cabeza<\/td>\n<td width=\"23.9600%\">mm<\/td>\n<td width=\"22.2200%\">160<\/td>\n<\/tr>\n<tr>\n<td width=\"52.3800%\">Distancia central de tetra-cabeza<\/td>\n<td width=\"23.9600%\">mm<\/td>\n<td width=\"22.2200%\">120<\/td>\n<\/tr>\n<tr>\n<td width=\"52.3800%\">&nbsp;<\/td>\n<td width=\"23.9600%\">&nbsp;<\/td>\n<td width=\"22.2200%\">&nbsp;<\/td>\n<\/tr>\n<tr>\n<td colspan=\"3\" width=\"99.2800%\"><strong><b>CONFIGURACI\u00d3N:<\/b><\/strong><\/td>\n<\/tr>\n<tr>\n<td width=\"52.3800%\"><strong><b>Piezas<\/b><\/strong><\/td>\n<td width=\"23.9600%\"><strong><b>Marca<\/b><\/strong><\/td>\n<td width=\"22.2200%\"><strong><b>Pa\u00eds<\/b><\/strong><\/td>\n<\/tr>\n<tr>\n<td width=\"52.3800%\">Sistema de control de parision<\/td>\n<td width=\"23.9600%\">Gefran<\/td>\n<td width=\"22.2200%\">Italia<\/td>\n<\/tr>\n<tr>\n<td width=\"52.3800%\">M\u00f3dulo de control de temperatura<\/td>\n<td width=\"137\">Gefran<\/td>\n<td width=\"128\">Italia<\/td>\n<\/tr>\n<tr>\n<td width=\"52.3800%\">Bomba hidr\u00e1ulica<\/td>\n<td width=\"23.9600%\">Yuken<\/td>\n<td width=\"22.2200%\">Jap\u00f3n<\/td>\n<\/tr>\n<tr>\n<td width=\"52.3800%\">V\u00e1lvula hidr\u00e1ulica<\/td>\n<td width=\"23.9600%\">Yuken<\/td>\n<td width=\"22.2200%\">Jap\u00f3n<\/td>\n<\/tr>\n<tr>\n<td width=\"52.3800%\">Sello de hidr\u00e1ulico<\/td>\n<td width=\"23.9600%\">Valqua<\/td>\n<td width=\"22.2200%\">Jap\u00f3n<\/td>\n<\/tr>\n<tr>\n<td width=\"52.3800%\">Rel\u00e9 intermedio<\/td>\n<td width=\"23.9600%\">Omron<\/td>\n<td width=\"22.2200%\">Jap\u00f3n<\/td>\n<\/tr>\n<tr>\n<td width=\"52.3800%\">Convertidores de frecuencia<\/td>\n<td width=\"23.9600%\">Emerson<\/td>\n<td width=\"22.2200%\">Am\u00e9rica<\/td>\n<\/tr>\n<tr>\n<td width=\"52.3800%\">V\u00e1lvula neum\u00e1tica<\/td>\n<td width=\"23.9600%\">Airtac<\/td>\n<td width=\"22.2200%\">Taiw\u00e1n<\/td>\n<\/tr>\n<tr>\n<td width=\"52.3800%\">Pantalla t\u00e1ctil<\/td>\n<td width=\"137\">Gefran<\/td>\n<td width=\"128\">Italia<\/td>\n<\/tr>\n<tr>\n<td width=\"52.3800%\">Interruptor neum\u00e1tico y contactor<\/td>\n<td width=\"23.9600%\">LG<\/td>\n<td width=\"22.2200%\">Corea<\/td>\n<\/tr>\n<tr>\n<td width=\"52.3800%\">Motor de\u00a0hidr\u00e1ulico y tornillo<\/td>\n<td width=\"23.9600%\">Energetic-Ox<\/td>\n<td width=\"22.2200%\">China<\/td>\n<\/tr>\n<\/tbody>\n<\/table>\n","protected":false},"excerpt":{"rendered":"<p>La m\u00e1quina de moldeo por soplado PTB70L se utiliza para producir peque\u00f1os productos huecos de pl\u00e1stico, como\u00a0tanques de gasolina, latas qu\u00edmicas, juguetes peque\u00f1os, tubos de auto dentro de 12 litros.\u00a0Es un equipo de estaci\u00f3n \u00fanica capaz de ensamblar hasta cabezas tetra-die.\u00a0El moldeo por soplado de materias primas como PE, PP, PVC, etc., la velocidad de producci\u00f3n de una sola cavidad es superior a 85 por hora.<\/p>\n","protected":false},"featured_media":522,"template":"","meta":{"site-sidebar-layout":"no-sidebar","site-content-layout":"boxed-container","ast-site-content-layout":"","site-content-style":"default","site-sidebar-style":"default","ast-global-header-display":"","ast-banner-title-visibility":"","ast-main-header-display":"","ast-hfb-above-header-display":"","ast-hfb-below-header-display":"","ast-hfb-mobile-header-display":"","site-post-title":"","ast-breadcrumbs-content":"","ast-featured-img":"","footer-sml-layout":"","theme-transparent-header-meta":"default","adv-header-id-meta":"","stick-header-meta":"default","header-above-stick-meta":"","header-main-stick-meta":"","header-below-stick-meta":"","astra-migrate-meta-layouts":"","ast-page-background-enabled":"default","ast-page-background-meta":{"desktop":{"background-color":"","background-image":"","background-repeat":"repeat","background-position":"center center","background-size":"auto","background-attachment":"scroll","background-type":"","background-media":"","overlay-type":"","overlay-color":"","overlay-gradient":""},"tablet":{"background-color":"","background-image":"","background-repeat":"repeat","background-position":"center center","background-size":"auto","background-attachment":"scroll","background-type":"","background-media":"","overlay-type":"","overlay-color":"","overlay-gradient":""},"mobile":{"background-color":"","background-image":"","background-repeat":"repeat","background-position":"center center","background-size":"auto","background-attachment":"scroll","background-type":"","background-media":"","overlay-type":"","overlay-color":"","overlay-gradient":""}},"ast-content-background-meta":{"desktop":{"background-color":"var(--ast-global-color-5)","background-image":"","background-repeat":"repeat","background-position":"center center","background-size":"auto","background-attachment":"scroll","background-type":"","background-media":"","overlay-type":"","overlay-color":"","overlay-gradient":""},"tablet":{"background-color":"var(--ast-global-color-5)","background-image":"","background-repeat":"repeat","background-position":"center center","background-size":"auto","background-attachment":"scroll","background-type":"","background-media":"","overlay-type":"","overlay-color":"","overlay-gradient":""},"mobile":{"background-color":"var(--ast-global-color-5)","background-image":"","background-repeat":"repeat","background-position":"center center","background-size":"auto","background-attachment":"scroll","background-type":"","background-media":"","overlay-type":"","overlay-color":"","overlay-gradient":""}}},"product_cat":[16],"product_tag":[26],"_links":{"self":[{"href":"https:\/\/www.chinaplastictech.com\/es\/wp-json\/wp\/v2\/product\/314"}],"collection":[{"href":"https:\/\/www.chinaplastictech.com\/es\/wp-json\/wp\/v2\/product"}],"about":[{"href":"https:\/\/www.chinaplastictech.com\/es\/wp-json\/wp\/v2\/types\/product"}],"wp:featuredmedia":[{"embeddable":true,"href":"https:\/\/www.chinaplastictech.com\/es\/wp-json\/wp\/v2\/media\/522"}],"wp:attachment":[{"href":"https:\/\/www.chinaplastictech.com\/es\/wp-json\/wp\/v2\/media?parent=314"}],"wp:term":[{"taxonomy":"product_cat","embeddable":true,"href":"https:\/\/www.chinaplastictech.com\/es\/wp-json\/wp\/v2\/product_cat?post=314"},{"taxonomy":"product_tag","embeddable":true,"href":"https:\/\/www.chinaplastictech.com\/es\/wp-json\/wp\/v2\/product_tag?post=314"}],"curies":[{"name":"wp","href":"https:\/\/api.w.org\/{rel}","templated":true}]}}