{"id":307,"date":"2020-03-18T14:28:35","date_gmt":"2020-03-18T06:28:35","guid":{"rendered":"https:\/\/www.chinaplastictech.com\/es\/product\/all-purpose-balm\/"},"modified":"2020-08-13T12:59:12","modified_gmt":"2020-08-13T04:59:12","slug":"serie-ptb65","status":"publish","type":"product","link":"https:\/\/www.chinaplastictech.com\/es\/M\u00e1quina-De-Moldeo-Por-Soplado\/serie-ptb65\/","title":{"rendered":"Serie PTB65 (5 litros.)"},"content":{"rendered":"<table>\n<tbody>\n<tr>\n<td colspan=\"3\" width=\"99.2800%\"><strong><b>PAR\u00c1METRO:<\/b><\/strong><\/td>\n<\/tr>\n<tr>\n<td width=\"52.3800%\"><strong><b>Especificaciones<\/b><\/strong><\/td>\n<td width=\"23.9600%\"><strong><b>Unidades<\/b><\/strong><\/td>\n<td width=\"22.2200%\"><strong><b>PTB<\/b><\/strong><strong><b>65<\/b><\/strong><\/td>\n<\/tr>\n<tr>\n<td width=\"52.3800%\">Capacidad m\u00e1xima del contenedor<\/td>\n<td width=\"23.9600%\">L<\/td>\n<td width=\"22.2200%\">5<\/td>\n<\/tr>\n<tr>\n<td width=\"52.3800%\">N\u00famero de cabezas de troquel<\/td>\n<td width=\"23.9600%\">Conjunto<\/td>\n<td width=\"22.2200%\">1.2.3.4<\/td>\n<\/tr>\n<tr>\n<td width=\"52.3800%\">Dimensi\u00f3n de la m\u00e1quina (L*W*H)<\/td>\n<td width=\"23.9600%\">M<\/td>\n<td width=\"22.2200%\">3.1&#215;1.8&#215;2.6<\/td>\n<\/tr>\n<tr>\n<td width=\"52.3800%\">Peso total<\/td>\n<td width=\"23.9600%\">Tonelada<\/td>\n<td width=\"22.2200%\">4.5<\/td>\n<\/tr>\n<tr>\n<td colspan=\"2\" width=\"76.7000%\">&nbsp;<\/td>\n<td>&nbsp;<\/td>\n<\/tr>\n<tr>\n<td colspan=\"2\" width=\"76.7000%\"><strong><b>Unidad De <\/b><\/strong><strong><b>Sujeci\u00f3n<\/b><\/strong><\/td>\n<td>&nbsp;<\/td>\n<\/tr>\n<tr>\n<td width=\"52.3800%\">Fuerza de sujeci\u00f3n<\/td>\n<td width=\"23.9600%\">KN<\/td>\n<td width=\"22.2200%\">68<\/td>\n<\/tr>\n<tr>\n<td width=\"52.3800%\">Carrera de apertura de sujeci\u00f3n<\/td>\n<td width=\"23.9600%\">mm<\/td>\n<td width=\"22.2200%\">150-500<\/td>\n<\/tr>\n<tr>\n<td width=\"52.3800%\">Tama\u00f1o de la platina<\/td>\n<td width=\"23.9600%\">mm<\/td>\n<td width=\"22.2200%\">320&#215;370<\/td>\n<\/tr>\n<tr>\n<td width=\"52.3800%\">Tama\u00f1o m\u00e1ximo del molde (W*H)<\/td>\n<td width=\"23.9600%\">mm<\/td>\n<td width=\"22.2200%\">350&#215;370\/238&#215;600<\/td>\n<\/tr>\n<tr>\n<td width=\"52.3800%\">Espesor del molde<\/td>\n<td width=\"23.9600%\">mm<\/td>\n<td width=\"22.2200%\">153-300<\/td>\n<\/tr>\n<tr>\n<td colspan=\"2\" width=\"76.7000%\">&nbsp;<\/td>\n<td>&nbsp;<\/td>\n<\/tr>\n<tr>\n<td colspan=\"2\" width=\"76.7000%\"><strong><b>Unidad De Potencia<\/b><\/strong><\/td>\n<td>&nbsp;<\/td>\n<\/tr>\n<tr>\n<td width=\"52.3800%\">M\u00e1xima de accionamiento<\/td>\n<td width=\"23.9600%\">KW<\/td>\n<td width=\"22.2200%\">26<\/td>\n<\/tr>\n<tr>\n<td width=\"52.3800%\">Potencia total<\/td>\n<td width=\"23.9600%\">KW<\/td>\n<td width=\"22.2200%\">32.5<\/td>\n<\/tr>\n<tr>\n<td width=\"52.3800%\">Potencia del ventilador<\/td>\n<td width=\"23.9600%\">KW<\/td>\n<td width=\"22.2200%\">0.14&#215;3<\/td>\n<\/tr>\n<tr>\n<td width=\"52.3800%\">Presi\u00f3n del aire<\/td>\n<td width=\"23.9600%\">Mpa<\/td>\n<td width=\"22.2200%\">0.7<\/td>\n<\/tr>\n<tr>\n<td width=\"52.3800%\">Consumo de aire<\/td>\n<td width=\"23.9600%\">M3\/min<\/td>\n<td width=\"22.2200%\">0.6<\/td>\n<\/tr>\n<tr>\n<td width=\"52.3800%\">Consumo medio de energ\u00eda<\/td>\n<td width=\"23.9600%\">KW<\/td>\n<td width=\"22.2200%\">17<\/td>\n<\/tr>\n<tr>\n<td colspan=\"2\" width=\"76.7000%\">&nbsp;<\/td>\n<td>&nbsp;<\/td>\n<\/tr>\n<tr>\n<td colspan=\"2\" width=\"76.7000%\"><strong><b>Unidad Extrusora<\/b><\/strong><\/td>\n<td>&nbsp;<\/td>\n<\/tr>\n<tr>\n<td width=\"52.3800%\">Di\u00e1metro del tornillo<\/td>\n<td width=\"23.9600%\">mm<\/td>\n<td width=\"22.2200%\">65<\/td>\n<\/tr>\n<tr>\n<td width=\"52.3800%\">Relaci\u00f3n de L\/D del tornillo<\/td>\n<td width=\"23.9600%\">L\/D<\/td>\n<td width=\"22.2200%\">24<\/td>\n<\/tr>\n<tr>\n<td width=\"52.3800%\">Capacidad de plastificaci\u00f3n<\/td>\n<td width=\"23.9600%\">Kg\/hora<\/td>\n<td width=\"22.2200%\">70<\/td>\n<\/tr>\n<tr>\n<td width=\"52.3800%\">N\u00famero de grupos de calefacci\u00f3n<\/td>\n<td width=\"23.9600%\">Grupos<\/td>\n<td width=\"22.2200%\">3<\/td>\n<\/tr>\n<tr>\n<td width=\"52.3800%\">Potencia de calefacci\u00f3n\u00a0del\u00a0extrusor<\/td>\n<td width=\"23.9600%\">KW<\/td>\n<td width=\"22.2200%\">13.8<\/td>\n<\/tr>\n<tr>\n<td width=\"52.3800%\">Potencia de conducci\u00f3n del extrusor<\/td>\n<td width=\"23.9600%\">KW<\/td>\n<td width=\"22.2200%\">15<\/td>\n<\/tr>\n<tr>\n<td colspan=\"2\" width=\"76.7000%\">&nbsp;<\/td>\n<td>&nbsp;<\/td>\n<\/tr>\n<tr>\n<td colspan=\"2\" width=\"76.7000%\"><strong><b>Unidad De Cabezal<\/b><\/strong><\/td>\n<td>&nbsp;<\/td>\n<\/tr>\n<tr>\n<td width=\"52.3800%\">N\u00famero de grupos de calefacci\u00f3n<\/td>\n<td width=\"23.9600%\">Grupos<\/td>\n<td width=\"22.2200%\">3<\/td>\n<\/tr>\n<tr>\n<td width=\"52.3800%\">Potencia de calefacci\u00f3n\u00a0del cabeza<\/td>\n<td width=\"23.9600%\">KW<\/td>\n<td width=\"22.2200%\">5.7<\/td>\n<\/tr>\n<tr>\n<td width=\"52.3800%\">Di\u00e1metro m\u00e1ximo del pasador<\/td>\n<td width=\"23.9600%\">mm<\/td>\n<td width=\"22.2200%\">135<\/td>\n<\/tr>\n<tr>\n<td width=\"52.3800%\">Distancia central de\u00a0doble-cabeza<\/td>\n<td width=\"23.9600%\">mm<\/td>\n<td width=\"22.2200%\">160<\/td>\n<\/tr>\n<tr>\n<td width=\"52.3800%\">Distancia central de tri-cabeza<\/td>\n<td width=\"23.9600%\">mm<\/td>\n<td width=\"22.2200%\">110<\/td>\n<\/tr>\n<tr>\n<td width=\"52.3800%\">Distancia central de tetra-cabeza<\/td>\n<td width=\"23.9600%\">mm<\/td>\n<td width=\"22.2200%\">85<\/td>\n<\/tr>\n<tr>\n<td width=\"52.3800%\">&nbsp;<\/td>\n<td width=\"23.9600%\">&nbsp;<\/td>\n<td width=\"22.2200%\">&nbsp;<\/td>\n<\/tr>\n<tr>\n<td colspan=\"3\" width=\"99.2800%\"><strong><b>CONFIGURACI\u00d3N:<\/b><\/strong><\/td>\n<\/tr>\n<tr>\n<td width=\"52.3800%\"><strong><b>Piezas<\/b><\/strong><\/td>\n<td width=\"23.9600%\"><strong><b>Marca<\/b><\/strong><\/td>\n<td width=\"22.2200%\"><strong><b>Pa\u00eds<\/b><\/strong><\/td>\n<\/tr>\n<tr>\n<td width=\"52.3800%\">Sistema de control de parision<\/td>\n<td width=\"23.9600%\">Gefran<\/td>\n<td width=\"22.2200%\">Italia<\/td>\n<\/tr>\n<tr>\n<td width=\"52.3800%\">M\u00f3dulo de control de temperatura<\/td>\n<td width=\"23.9600%\">Mitsubishi<\/td>\n<td width=\"22.2200%\">Jap\u00f3n<\/td>\n<\/tr>\n<tr>\n<td width=\"52.3800%\">Bomba hidr\u00e1ulica<\/td>\n<td width=\"23.9600%\">Yuken<\/td>\n<td width=\"22.2200%\">Jap\u00f3n<\/td>\n<\/tr>\n<tr>\n<td width=\"52.3800%\">V\u00e1lvula hidr\u00e1ulica<\/td>\n<td width=\"23.9600%\">Yuken<\/td>\n<td width=\"22.2200%\">Jap\u00f3n<\/td>\n<\/tr>\n<tr>\n<td width=\"52.3800%\">Sello de hidr\u00e1ulico<\/td>\n<td width=\"23.9600%\">Valqua<\/td>\n<td width=\"22.2200%\">Jap\u00f3n<\/td>\n<\/tr>\n<tr>\n<td width=\"52.3800%\">Rel\u00e9 intermedio<\/td>\n<td width=\"23.9600%\">Omron<\/td>\n<td width=\"22.2200%\">Jap\u00f3n<\/td>\n<\/tr>\n<tr>\n<td width=\"52.3800%\">Convertidores de frecuencia<\/td>\n<td width=\"23.9600%\">Emerson<\/td>\n<td width=\"22.2200%\">Am\u00e9rica<\/td>\n<\/tr>\n<tr>\n<td width=\"52.3800%\">V\u00e1lvula neum\u00e1tica<\/td>\n<td width=\"23.9600%\">Airtac<\/td>\n<td width=\"22.2200%\">Taiw\u00e1n<\/td>\n<\/tr>\n<tr>\n<td width=\"52.3800%\">Pantalla t\u00e1ctil<\/td>\n<td width=\"23.9600%\">Richo<\/td>\n<td width=\"22.2200%\">Taiw\u00e1n<\/td>\n<\/tr>\n<tr>\n<td width=\"52.3800%\">Interruptor neum\u00e1tico y contactor<\/td>\n<td width=\"23.9600%\">LG<\/td>\n<td width=\"22.2200%\">Corea<\/td>\n<\/tr>\n<tr>\n<td width=\"52.3800%\">Motor de\u00a0hidr\u00e1ulico y tornillo<\/td>\n<td width=\"23.9600%\">Energetic-Ox<\/td>\n<td width=\"22.2200%\">China<\/td>\n<\/tr>\n<\/tbody>\n<\/table>\n","protected":false},"excerpt":{"rendered":"<p>La m\u00e1quina de moldeo por soplado PTB65 se utiliza para producir peque\u00f1os productos huecos de pl\u00e1stico, como juguetes peque\u00f1os, peque\u00f1os bidones, latas de detergente para ropa, latas de leche dentro de 5 litros.\u00a0Es un equipo de estaci\u00f3n \u00fanica capaz de ensamblar hasta cabezas tetra-die.\u00a0El moldeo por soplado de materias primas como PE, PP, PVC, etc., la velocidad de producci\u00f3n de una sola cavidad es superior a 160 por hora.<\/p>\n","protected":false},"featured_media":520,"template":"","meta":{"site-sidebar-layout":"no-sidebar","site-content-layout":"boxed-container","ast-site-content-layout":"","site-content-style":"default","site-sidebar-style":"default","ast-global-header-display":"","ast-banner-title-visibility":"","ast-main-header-display":"","ast-hfb-above-header-display":"","ast-hfb-below-header-display":"","ast-hfb-mobile-header-display":"","site-post-title":"","ast-breadcrumbs-content":"","ast-featured-img":"","footer-sml-layout":"","theme-transparent-header-meta":"default","adv-header-id-meta":"","stick-header-meta":"default","header-above-stick-meta":"","header-main-stick-meta":"","header-below-stick-meta":"","astra-migrate-meta-layouts":"","ast-page-background-enabled":"default","ast-page-background-meta":{"desktop":{"background-color":"","background-image":"","background-repeat":"repeat","background-position":"center center","background-size":"auto","background-attachment":"scroll","background-type":"","background-media":"","overlay-type":"","overlay-color":"","overlay-gradient":""},"tablet":{"background-color":"","background-image":"","background-repeat":"repeat","background-position":"center center","background-size":"auto","background-attachment":"scroll","background-type":"","background-media":"","overlay-type":"","overlay-color":"","overlay-gradient":""},"mobile":{"background-color":"","background-image":"","background-repeat":"repeat","background-position":"center center","background-size":"auto","background-attachment":"scroll","background-type":"","background-media":"","overlay-type":"","overlay-color":"","overlay-gradient":""}},"ast-content-background-meta":{"desktop":{"background-color":"var(--ast-global-color-5)","background-image":"","background-repeat":"repeat","background-position":"center center","background-size":"auto","background-attachment":"scroll","background-type":"","background-media":"","overlay-type":"","overlay-color":"","overlay-gradient":""},"tablet":{"background-color":"var(--ast-global-color-5)","background-image":"","background-repeat":"repeat","background-position":"center center","background-size":"auto","background-attachment":"scroll","background-type":"","background-media":"","overlay-type":"","overlay-color":"","overlay-gradient":""},"mobile":{"background-color":"var(--ast-global-color-5)","background-image":"","background-repeat":"repeat","background-position":"center center","background-size":"auto","background-attachment":"scroll","background-type":"","background-media":"","overlay-type":"","overlay-color":"","overlay-gradient":""}}},"product_cat":[16],"product_tag":[26],"_links":{"self":[{"href":"https:\/\/www.chinaplastictech.com\/es\/wp-json\/wp\/v2\/product\/307"}],"collection":[{"href":"https:\/\/www.chinaplastictech.com\/es\/wp-json\/wp\/v2\/product"}],"about":[{"href":"https:\/\/www.chinaplastictech.com\/es\/wp-json\/wp\/v2\/types\/product"}],"wp:featuredmedia":[{"embeddable":true,"href":"https:\/\/www.chinaplastictech.com\/es\/wp-json\/wp\/v2\/media\/520"}],"wp:attachment":[{"href":"https:\/\/www.chinaplastictech.com\/es\/wp-json\/wp\/v2\/media?parent=307"}],"wp:term":[{"taxonomy":"product_cat","embeddable":true,"href":"https:\/\/www.chinaplastictech.com\/es\/wp-json\/wp\/v2\/product_cat?post=307"},{"taxonomy":"product_tag","embeddable":true,"href":"https:\/\/www.chinaplastictech.com\/es\/wp-json\/wp\/v2\/product_tag?post=307"}],"curies":[{"name":"wp","href":"https:\/\/api.w.org\/{rel}","templated":true}]}}