{"id":467,"date":"2020-02-05T22:19:45","date_gmt":"2020-02-05T14:19:45","guid":{"rendered":"https:\/\/www.chinaplastictech.com\/es\/about\/"},"modified":"2020-07-24T12:16:27","modified_gmt":"2020-07-24T04:16:27","slug":"sobre-nosotros","status":"publish","type":"page","link":"https:\/\/www.chinaplastictech.com\/es\/sobre-nosotros\/","title":{"rendered":"Sobre Nosotros"},"content":{"rendered":"\t\t<div data-elementor-type=\"wp-page\" data-elementor-id=\"467\" class=\"elementor elementor-467\">\n\t\t\t\t\t\t\t\t\t<section class=\"elementor-section elementor-top-section elementor-element elementor-element-ad3563b elementor-section-boxed elementor-section-height-default elementor-section-height-default\" data-id=\"ad3563b\" data-element_type=\"section\">\n\t\t\t\t\t\t<div class=\"elementor-container elementor-column-gap-default\">\n\t\t\t\t\t<div class=\"elementor-column elementor-col-100 elementor-top-column elementor-element elementor-element-5c28a9d\" data-id=\"5c28a9d\" data-element_type=\"column\">\n\t\t\t<div class=\"elementor-widget-wrap elementor-element-populated\">\n\t\t\t\t\t\t\t\t<section class=\"elementor-section elementor-inner-section elementor-element elementor-element-4705256 elementor-section-boxed elementor-section-height-default elementor-section-height-default\" data-id=\"4705256\" data-element_type=\"section\">\n\t\t\t\t\t\t<div class=\"elementor-container elementor-column-gap-default\">\n\t\t\t\t\t<div class=\"elementor-column elementor-col-50 elementor-inner-column elementor-element elementor-element-36117a5\" data-id=\"36117a5\" data-element_type=\"column\">\n\t\t\t<div class=\"elementor-widget-wrap elementor-element-populated\">\n\t\t\t\t\t\t\t\t<div class=\"elementor-element elementor-element-c8193ec elementor-widget elementor-widget-heading\" data-id=\"c8193ec\" data-element_type=\"widget\" data-widget_type=\"heading.default\">\n\t\t\t\t<div class=\"elementor-widget-container\">\n\t\t\t<h3 class=\"elementor-heading-title elementor-size-default\">M\u00e1quina De Moldeo Por Soplado<\/h3>\t\t<\/div>\n\t\t\t\t<\/div>\n\t\t\t\t<div class=\"elementor-element elementor-element-edfb02e elementor-widget elementor-widget-heading\" data-id=\"edfb02e\" data-element_type=\"widget\" data-widget_type=\"heading.default\">\n\t\t\t\t<div class=\"elementor-widget-container\">\n\t\t\t<h4 class=\"elementor-heading-title elementor-size-default\">Fabricante profesional<\/h4>\t\t<\/div>\n\t\t\t\t<\/div>\n\t\t\t\t\t<\/div>\n\t\t<\/div>\n\t\t\t\t<div class=\"elementor-column elementor-col-50 elementor-inner-column elementor-element elementor-element-4f9ec87\" data-id=\"4f9ec87\" data-element_type=\"column\">\n\t\t\t<div class=\"elementor-widget-wrap elementor-element-populated\">\n\t\t\t\t\t\t\t\t<div class=\"elementor-element elementor-element-1e20f9d elementor-widget elementor-widget-image\" data-id=\"1e20f9d\" data-element_type=\"widget\" data-widget_type=\"image.default\">\n\t\t\t\t<div class=\"elementor-widget-container\">\n\t\t\t\t\t\t\t\t\t\t\t\t\t\t\t<img loading=\"lazy\" decoding=\"async\" width=\"800\" height=\"278\" src=\"https:\/\/www.chinaplastictech.com\/es\/wp-content\/uploads\/2020\/07\/China-Blow-Molding-Machine-Manufacturer.jpg\" class=\"attachment-full size-full wp-image-717\" alt=\"\" srcset=\"https:\/\/www.chinaplastictech.com\/es\/wp-content\/uploads\/2020\/07\/China-Blow-Molding-Machine-Manufacturer.jpg 800w, https:\/\/www.chinaplastictech.com\/es\/wp-content\/uploads\/2020\/07\/China-Blow-Molding-Machine-Manufacturer-300x104.jpg 300w, https:\/\/www.chinaplastictech.com\/es\/wp-content\/uploads\/2020\/07\/China-Blow-Molding-Machine-Manufacturer-768x267.jpg 768w, https:\/\/www.chinaplastictech.com\/es\/wp-content\/uploads\/2020\/07\/China-Blow-Molding-Machine-Manufacturer-600x209.jpg 600w\" sizes=\"(max-width: 800px) 100vw, 800px\" \/>\t\t\t\t\t\t\t\t\t\t\t\t\t\t\t<\/div>\n\t\t\t\t<\/div>\n\t\t\t\t\t<\/div>\n\t\t<\/div>\n\t\t\t\t\t\t\t<\/div>\n\t\t<\/section>\n\t\t\t\t<section class=\"elementor-section elementor-inner-section elementor-element elementor-element-966f155 elementor-section-boxed elementor-section-height-default elementor-section-height-default\" data-id=\"966f155\" data-element_type=\"section\">\n\t\t\t\t\t\t<div class=\"elementor-container elementor-column-gap-default\">\n\t\t\t\t\t<div class=\"elementor-column elementor-col-50 elementor-inner-column elementor-element elementor-element-71946c6\" data-id=\"71946c6\" data-element_type=\"column\">\n\t\t\t<div class=\"elementor-widget-wrap elementor-element-populated\">\n\t\t\t\t\t\t\t\t<div class=\"elementor-element elementor-element-eba7f5a elementor-widget elementor-widget-text-editor\" data-id=\"eba7f5a\" data-element_type=\"widget\" data-widget_type=\"text-editor.default\">\n\t\t\t\t<div class=\"elementor-widget-container\">\n\t\t\t\t\t\t\tPantone Machinery se encuentra en la ciudad china de Zhangjiagang, que est\u00e1 cerca de Shangh\u00e1i. el lugar de nacimiento de las m\u00e1quinas de moldeo por soplado en China. Hay muchos fabricantes de m\u00e1quinas de moldeo por soplado en esta ciudad, pero siempre hemos mantenido nuestras ventajas. Nuestras tecnolog\u00edas principales incluyen coextrusi\u00f3n multicapa, coextrusi\u00f3n de doble color, automatizaci\u00f3n de alta velocidad, Control de parison longitudinales y axiales, Servosistema de ahorro de energ\u00eda, moldeo por soplado de productos a gran escala, moldeo por soplado de productos de forma especial, etc.\t\t\t\t\t\t<\/div>\n\t\t\t\t<\/div>\n\t\t\t\t\t<\/div>\n\t\t<\/div>\n\t\t\t\t<div class=\"elementor-column elementor-col-50 elementor-inner-column elementor-element elementor-element-ed57bf3\" data-id=\"ed57bf3\" data-element_type=\"column\">\n\t\t\t<div class=\"elementor-widget-wrap elementor-element-populated\">\n\t\t\t\t\t\t\t\t<div class=\"elementor-element elementor-element-5b12336 elementor-widget elementor-widget-text-editor\" data-id=\"5b12336\" data-element_type=\"widget\" data-widget_type=\"text-editor.default\">\n\t\t\t\t<div class=\"elementor-widget-container\">\n\t\t\t\t\t\t\tTrabajamos como un equipo fuerte y seguimos ofreciendo soluciones totales de proyectos a nuestros fabricantes de productos de pl\u00e1stico. La m\u00e1quina de moldeo por soplado extrusi\u00f3n producida por nuestra empresa es de excelente y confiable calidad. La vida operativa supera los 15 a\u00f1os. Con el fin de cumplir con los requisitos m\u00e1s t\u00e9cnicos de los clientes. Continuamos investigando y desarrollando, y hemos realizado muchas innovaciones tecnol\u00f3gicas en m\u00e1quinas personalizadas. Nuestra empresa cuenta actualmente con m\u00e1s de 30 modelos de m\u00e1quina de moldeo por extrusi\u00f3n y soplado en cuatro series para que los clientes elijan, todos los modelos han pasado la certificaci\u00f3n nacional de calidad y la certificaci\u00f3n CE.\t\t\t\t\t\t<\/div>\n\t\t\t\t<\/div>\n\t\t\t\t\t<\/div>\n\t\t<\/div>\n\t\t\t\t\t\t\t<\/div>\n\t\t<\/section>\n\t\t\t\t<section class=\"elementor-section elementor-inner-section elementor-element elementor-element-3227c53 elementor-section-boxed elementor-section-height-default elementor-section-height-default\" data-id=\"3227c53\" data-element_type=\"section\">\n\t\t\t\t\t\t<div class=\"elementor-container elementor-column-gap-default\">\n\t\t\t\t\t<div class=\"elementor-column elementor-col-50 elementor-inner-column elementor-element elementor-element-fecf5c7\" data-id=\"fecf5c7\" data-element_type=\"column\">\n\t\t\t<div class=\"elementor-widget-wrap elementor-element-populated\">\n\t\t\t\t\t\t\t\t<div class=\"elementor-element elementor-element-082444d elementor-widget elementor-widget-image\" data-id=\"082444d\" data-element_type=\"widget\" data-widget_type=\"image.default\">\n\t\t\t\t<div class=\"elementor-widget-container\">\n\t\t\t\t\t\t\t\t\t\t\t\t\t\t\t<img loading=\"lazy\" decoding=\"async\" width=\"674\" height=\"300\" src=\"https:\/\/www.chinaplastictech.com\/es\/wp-content\/uploads\/2020\/07\/Extrusion-Blow-Molding-Machine-Company.jpg\" class=\"attachment-full size-full wp-image-718\" alt=\"\" srcset=\"https:\/\/www.chinaplastictech.com\/es\/wp-content\/uploads\/2020\/07\/Extrusion-Blow-Molding-Machine-Company.jpg 674w, https:\/\/www.chinaplastictech.com\/es\/wp-content\/uploads\/2020\/07\/Extrusion-Blow-Molding-Machine-Company-300x134.jpg 300w, https:\/\/www.chinaplastictech.com\/es\/wp-content\/uploads\/2020\/07\/Extrusion-Blow-Molding-Machine-Company-600x267.jpg 600w\" sizes=\"(max-width: 674px) 100vw, 674px\" \/>\t\t\t\t\t\t\t\t\t\t\t\t\t\t\t<\/div>\n\t\t\t\t<\/div>\n\t\t\t\t\t<\/div>\n\t\t<\/div>\n\t\t\t\t<div class=\"elementor-column elementor-col-50 elementor-inner-column elementor-element elementor-element-809af64\" data-id=\"809af64\" data-element_type=\"column\">\n\t\t\t<div class=\"elementor-widget-wrap elementor-element-populated\">\n\t\t\t\t\t\t\t\t<div class=\"elementor-element elementor-element-10ec1ac elementor-widget elementor-widget-image\" data-id=\"10ec1ac\" data-element_type=\"widget\" data-widget_type=\"image.default\">\n\t\t\t\t<div class=\"elementor-widget-container\">\n\t\t\t\t\t\t\t\t\t\t\t\t\t\t\t<img loading=\"lazy\" decoding=\"async\" width=\"674\" height=\"300\" src=\"https:\/\/www.chinaplastictech.com\/es\/wp-content\/uploads\/2020\/07\/Extrusion-Blow-Molding-Machine-Factory.jpg\" class=\"attachment-full size-full wp-image-719\" alt=\"\" srcset=\"https:\/\/www.chinaplastictech.com\/es\/wp-content\/uploads\/2020\/07\/Extrusion-Blow-Molding-Machine-Factory.jpg 674w, https:\/\/www.chinaplastictech.com\/es\/wp-content\/uploads\/2020\/07\/Extrusion-Blow-Molding-Machine-Factory-300x134.jpg 300w, https:\/\/www.chinaplastictech.com\/es\/wp-content\/uploads\/2020\/07\/Extrusion-Blow-Molding-Machine-Factory-600x267.jpg 600w\" sizes=\"(max-width: 674px) 100vw, 674px\" \/>\t\t\t\t\t\t\t\t\t\t\t\t\t\t\t<\/div>\n\t\t\t\t<\/div>\n\t\t\t\t\t<\/div>\n\t\t<\/div>\n\t\t\t\t\t\t\t<\/div>\n\t\t<\/section>\n\t\t\t\t<section class=\"elementor-section elementor-inner-section elementor-element elementor-element-bbdbae8 elementor-section-boxed elementor-section-height-default elementor-section-height-default\" data-id=\"bbdbae8\" data-element_type=\"section\">\n\t\t\t\t\t\t<div class=\"elementor-container elementor-column-gap-default\">\n\t\t\t\t\t<div class=\"elementor-column elementor-col-25 elementor-inner-column elementor-element elementor-element-0127189\" data-id=\"0127189\" data-element_type=\"column\" data-settings=\"{&quot;background_background&quot;:&quot;classic&quot;}\">\n\t\t\t<div class=\"elementor-widget-wrap elementor-element-populated\">\n\t\t\t\t\t\t\t\t<div class=\"elementor-element elementor-element-d1a416d elementor-widget elementor-widget-icon-box\" data-id=\"d1a416d\" data-element_type=\"widget\" data-widget_type=\"icon-box.default\">\n\t\t\t\t<div class=\"elementor-widget-container\">\n\t\t\t\t\t<div class=\"elementor-icon-box-wrapper\">\n\t\t\t\t\t\t<div class=\"elementor-icon-box-content\">\n\t\t\t\t<h3 class=\"elementor-icon-box-title\">\n\t\t\t\t\t<a href=\"https:\/\/www.chinaplastictech.com\/es\/categor\u00eda-de-producto\/tipo-de-pequeno\/\" target=\"_blank\" >\n\t\t\t\t\t\tM\u00c1QUINA DE MOLDEO POR SOPLADO DE BOTELLA PEQUE\u00d1A\t\t\t\t\t<\/a>\n\t\t\t\t<\/h3>\n\t\t\t\t\t\t\t\t\t<p class=\"elementor-icon-box-description\">\n\t\t\t\t\t\tM\u00e1quina de moldeo por soplado de botella peque\u00f1a son adecuados para productos peque\u00f1os.\u00a0Tiene un alto rendimiento de costo y una salida estable.\u00a0Muchos fabricantes de botellas de bebidas, botellas de medicamentos y botellas de detergente lo eligen para su modelo de inicio.\t\t\t\t\t<\/p>\n\t\t\t\t\t\t\t<\/div>\n\t\t<\/div>\n\t\t\t\t<\/div>\n\t\t\t\t<\/div>\n\t\t\t\t\t<\/div>\n\t\t<\/div>\n\t\t\t\t<div class=\"elementor-column elementor-col-25 elementor-inner-column elementor-element elementor-element-cf5e743\" data-id=\"cf5e743\" data-element_type=\"column\" data-settings=\"{&quot;background_background&quot;:&quot;classic&quot;}\">\n\t\t\t<div class=\"elementor-widget-wrap elementor-element-populated\">\n\t\t\t\t\t\t\t\t<div class=\"elementor-element elementor-element-abdd656 elementor-widget elementor-widget-icon-box\" data-id=\"abdd656\" data-element_type=\"widget\" data-widget_type=\"icon-box.default\">\n\t\t\t\t<div class=\"elementor-widget-container\">\n\t\t\t\t\t<div class=\"elementor-icon-box-wrapper\">\n\t\t\t\t\t\t<div class=\"elementor-icon-box-content\">\n\t\t\t\t<h3 class=\"elementor-icon-box-title\">\n\t\t\t\t\t<a href=\"https:\/\/www.chinaplastictech.com\/es\/categor\u00eda-de-producto\/tipo-de-velocidad\/\" target=\"_blank\" >\n\t\t\t\t\t\tM\u00c1QUINA DE MOLDEO POR SOPLADO DE ALTA VELOCIDAD\t\t\t\t\t<\/a>\n\t\t\t\t<\/h3>\n\t\t\t\t\t\t\t\t\t<p class=\"elementor-icon-box-description\">\n\t\t\t\t\t\tM\u00e1quina de moldeo por soplado de alta velocidad tambi\u00e9n es adecuada para productos peque\u00f1os y medianos.\u00a0Tiene mayor capacidad de salida que los modelos est\u00e1ndar y de ahorro de energ\u00eda, mayor automatizaci\u00f3n y servocontrol son sus caracter\u00edsticas.\t\t\t\t\t<\/p>\n\t\t\t\t\t\t\t<\/div>\n\t\t<\/div>\n\t\t\t\t<\/div>\n\t\t\t\t<\/div>\n\t\t\t\t\t<\/div>\n\t\t<\/div>\n\t\t\t\t<div class=\"elementor-column elementor-col-25 elementor-inner-column elementor-element elementor-element-1cdc9af\" data-id=\"1cdc9af\" data-element_type=\"column\" data-settings=\"{&quot;background_background&quot;:&quot;classic&quot;}\">\n\t\t\t<div class=\"elementor-widget-wrap elementor-element-populated\">\n\t\t\t\t\t\t\t\t<div class=\"elementor-element elementor-element-35cd810 elementor-widget elementor-widget-icon-box\" data-id=\"35cd810\" data-element_type=\"widget\" data-widget_type=\"icon-box.default\">\n\t\t\t\t<div class=\"elementor-widget-container\">\n\t\t\t\t\t<div class=\"elementor-icon-box-wrapper\">\n\t\t\t\t\t\t<div class=\"elementor-icon-box-content\">\n\t\t\t\t<h3 class=\"elementor-icon-box-title\">\n\t\t\t\t\t<a href=\"https:\/\/www.chinaplastictech.com\/es\/categor\u00eda-de-producto\/tipo-de-cabeza-de-acumulador\/\" target=\"_blank\" >\n\t\t\t\t\t\tM\u00c1QUINA DE MOLDEO POR SOPLADO DE CABEZA DE ACUMULADOR\t\t\t\t\t<\/a>\n\t\t\t\t<\/h3>\n\t\t\t\t\t\t\t\t\t<p class=\"elementor-icon-box-description\">\n\t\t\t\t\t\tLa m\u00e1quina de moldeo por soplado de cabeza de acumulador es adecuada para productos de tama\u00f1o mediano, como juguetes, tanque, tambores, servo control hace que tenga una baja tasa de fallas y un funcionamiento suave.\t\t\t\t\t<\/p>\n\t\t\t\t\t\t\t<\/div>\n\t\t<\/div>\n\t\t\t\t<\/div>\n\t\t\t\t<\/div>\n\t\t\t\t\t<\/div>\n\t\t<\/div>\n\t\t\t\t<div class=\"elementor-column elementor-col-25 elementor-inner-column elementor-element elementor-element-f00dbfb\" data-id=\"f00dbfb\" data-element_type=\"column\" data-settings=\"{&quot;background_background&quot;:&quot;classic&quot;}\">\n\t\t\t<div class=\"elementor-widget-wrap elementor-element-populated\">\n\t\t\t\t\t\t\t\t<div class=\"elementor-element elementor-element-9798a4a elementor-widget elementor-widget-icon-box\" data-id=\"9798a4a\" data-element_type=\"widget\" data-widget_type=\"icon-box.default\">\n\t\t\t\t<div class=\"elementor-widget-container\">\n\t\t\t\t\t<div class=\"elementor-icon-box-wrapper\">\n\t\t\t\t\t\t<div class=\"elementor-icon-box-content\">\n\t\t\t\t<h3 class=\"elementor-icon-box-title\">\n\t\t\t\t\t<a href=\"https:\/\/www.chinaplastictech.com\/es\/categor\u00eda-de-producto\/tipo-de-especial-personalizado\/\" target=\"_blank\" >\n\t\t\t\t\t\tM\u00c1QUINA DE MOLDEO POR SOPLADO DE ESPECIAL PERSONALIZADO\t\t\t\t\t<\/a>\n\t\t\t\t<\/h3>\n\t\t\t\t\t\t\t\t\t<p class=\"elementor-icon-box-description\">\n\t\t\t\t\t\tLa m\u00e1quina de moldeo por soplado de especial personalizado es de tipo personalizado que proporciona m\u00e1s soluciones de moldeo por soplado de extrusi\u00f3n para la fabricaci\u00f3n de productos grandes.\u00a0En la actualidad, nuestra m\u00e1quina de moldeo por soplado puede producir productos huecos de hasta 5000 litros y 2,5 metros de largo.\t\t\t\t\t<\/p>\n\t\t\t\t\t\t\t<\/div>\n\t\t<\/div>\n\t\t\t\t<\/div>\n\t\t\t\t<\/div>\n\t\t\t\t\t<\/div>\n\t\t<\/div>\n\t\t\t\t\t\t\t<\/div>\n\t\t<\/section>\n\t\t\t\t<section class=\"elementor-section elementor-inner-section elementor-element elementor-element-c50ed02 elementor-section-boxed elementor-section-height-default elementor-section-height-default\" data-id=\"c50ed02\" data-element_type=\"section\">\n\t\t\t\t\t\t<div class=\"elementor-container elementor-column-gap-default\">\n\t\t\t\t\t<div class=\"elementor-column elementor-col-100 elementor-inner-column elementor-element elementor-element-cfb955f\" data-id=\"cfb955f\" data-element_type=\"column\">\n\t\t\t<div class=\"elementor-widget-wrap elementor-element-populated\">\n\t\t\t\t\t\t\t\t<div class=\"elementor-element elementor-element-7fcd4cb elementor-widget elementor-widget-text-editor\" data-id=\"7fcd4cb\" data-element_type=\"widget\" data-widget_type=\"text-editor.default\">\n\t\t\t\t<div class=\"elementor-widget-container\">\n\t\t\t\t\t\t\tNuestra m\u00e1quina de moldeo por soplado que adopta el Sistema de Control Integrado GEFRAN y 300 Puntos Parison Control y tambi\u00e9n logr\u00f3 avances en el Control de Espesor y la Tecnolog\u00eda de Coextrusi\u00f3n de 6 Capas. Adem\u00e1s, tambi\u00e9n ofrecemos moldes y m\u00e1quina auxiliar. Podemos ayudar a nuestros clientes a producir dise\u00f1o de l\u00ednea y producir arreglos de flujo. Porque \u00abLa confianza es el resultado de la calidad\u00bb. Por lo tanto, PANTONE MACHINERY mejorar\u00e1 continuamente la calidad del producto, servicios t\u00e9cnicos perfectos para satisfacer las necesidades del cliente. Espera crear un buen futuro de la industria del maquinismo pl\u00e1stico con clientes de casa y en el extranjero. por lo tanto. \u00a1Tratar con el fabricante de m\u00e1quinas de moldeo por soplado de extrusi\u00f3n PANTONE significa su negocio y dinero en caja fuerte!\nCreemos que nuestra buena calidad, buen precio y servicio efectivo despu\u00e9s de la venta le dar\u00e1 m\u00e1s ventaja que sus competidores. \u00a1Bienvenidos a establecer una relaci\u00f3n de cooperaci\u00f3n a largo plazo con nosotros!\t\t\t\t\t\t<\/div>\n\t\t\t\t<\/div>\n\t\t\t\t<div class=\"elementor-element elementor-element-44cfdfe elementor-widget elementor-widget-text-editor\" data-id=\"44cfdfe\" data-element_type=\"widget\" data-widget_type=\"text-editor.default\">\n\t\t\t\t<div class=\"elementor-widget-container\">\n\t\t\t\t\t\t\tNuestro equipo de I+D y fabricaci\u00f3n tiene experiencia. Contamos con m\u00e1s de 15 a\u00f1os de experiencia en la fabricaci\u00f3n de m\u00e1quinas de moldeo por soplado por extrusi\u00f3n. Nuestra empresa sigue presentando la \u00faltima tecnolog\u00eda de moldeo por soplado extranjero y contrata a expertos, ingenieros y t\u00e9cnicos para fortalecer nuestro equipo de I+d. Para garantizar mejor la calidad y el rendimiento del producto.\t\t\t\t\t\t<\/div>\n\t\t\t\t<\/div>\n\t\t\t\t\t<\/div>\n\t\t<\/div>\n\t\t\t\t\t\t\t<\/div>\n\t\t<\/section>\n\t\t\t\t<section class=\"elementor-section elementor-inner-section elementor-element elementor-element-a313d33 elementor-section-boxed elementor-section-height-default elementor-section-height-default\" data-id=\"a313d33\" data-element_type=\"section\">\n\t\t\t\t\t\t<div class=\"elementor-container elementor-column-gap-default\">\n\t\t\t\t\t<div class=\"elementor-column elementor-col-50 elementor-inner-column elementor-element elementor-element-08997ae\" data-id=\"08997ae\" data-element_type=\"column\">\n\t\t\t<div class=\"elementor-widget-wrap elementor-element-populated\">\n\t\t\t\t\t\t\t\t<div class=\"elementor-element elementor-element-d90f10e elementor-widget elementor-widget-image\" data-id=\"d90f10e\" data-element_type=\"widget\" data-widget_type=\"image.default\">\n\t\t\t\t<div class=\"elementor-widget-container\">\n\t\t\t\t\t\t\t\t\t\t\t\t\t\t\t<img loading=\"lazy\" decoding=\"async\" width=\"674\" height=\"300\" src=\"https:\/\/www.chinaplastictech.com\/es\/wp-content\/uploads\/2020\/07\/Blow-Molding-Product-Sample-Room.jpg\" class=\"attachment-full size-full wp-image-716\" alt=\"\" srcset=\"https:\/\/www.chinaplastictech.com\/es\/wp-content\/uploads\/2020\/07\/Blow-Molding-Product-Sample-Room.jpg 674w, https:\/\/www.chinaplastictech.com\/es\/wp-content\/uploads\/2020\/07\/Blow-Molding-Product-Sample-Room-300x134.jpg 300w, https:\/\/www.chinaplastictech.com\/es\/wp-content\/uploads\/2020\/07\/Blow-Molding-Product-Sample-Room-600x267.jpg 600w\" sizes=\"(max-width: 674px) 100vw, 674px\" \/>\t\t\t\t\t\t\t\t\t\t\t\t\t\t\t<\/div>\n\t\t\t\t<\/div>\n\t\t\t\t\t<\/div>\n\t\t<\/div>\n\t\t\t\t<div class=\"elementor-column elementor-col-50 elementor-inner-column elementor-element elementor-element-c246b82\" data-id=\"c246b82\" data-element_type=\"column\">\n\t\t\t<div class=\"elementor-widget-wrap elementor-element-populated\">\n\t\t\t\t\t\t\t\t<div class=\"elementor-element elementor-element-a497cb3 elementor-widget elementor-widget-text-editor\" data-id=\"a497cb3\" data-element_type=\"widget\" data-widget_type=\"text-editor.default\">\n\t\t\t\t<div class=\"elementor-widget-container\">\n\t\t\t\t\t\t\tNuestra empresa proporciona soluciones de dise\u00f1o, fabricaci\u00f3n, reacondicionamiento, servicio y proyectos de extrusi\u00f3n. Contamos con tecnolog\u00eda madura para la coextrusi\u00f3n multicapa, alta velocidad y m\u00e1quina de moldeo por soplado autom\u00e1tico de alta velocidad para productos huecos de pl\u00e1stico de 5ML a 5000L. Tales como botellas, tanques de gasolina, hervidores de agua, cajas de herramientas, tambores de agua y tambores qu\u00edmicos, bandejas de pl\u00e1stico, tubo y tanque del veh\u00edculo, tanque IBC, productos de moldeo por soplado hueco s\u00faper grande ect.\t\t\t\t\t\t<\/div>\n\t\t\t\t<\/div>\n\t\t\t\t\t<\/div>\n\t\t<\/div>\n\t\t\t\t\t\t\t<\/div>\n\t\t<\/section>\n\t\t\t\t\t<\/div>\n\t\t<\/div>\n\t\t\t\t\t\t\t<\/div>\n\t\t<\/section>\n\t\t\t\t\t\t\t<\/div>\n\t\t","protected":false},"excerpt":{"rendered":"<p>M\u00e1quina De Moldeo Por Soplado Fabricante profesional Pantone Machinery se encuentra en la ciudad china de Zhangjiagang, que est\u00e1 cerca de Shangh\u00e1i. el lugar de nacimiento de las m\u00e1quinas de moldeo por soplado en China. Hay muchos fabricantes de m\u00e1quinas de moldeo por soplado en esta ciudad, pero siempre hemos mantenido nuestras ventajas. Nuestras tecnolog\u00edas &hellip;<\/p>\n<p class=\"read-more\"> <a class=\"\" href=\"https:\/\/www.chinaplastictech.com\/es\/sobre-nosotros\/\"> <span class=\"screen-reader-text\">Sobre Nosotros<\/span> Leer m\u00e1s &raquo;<\/a><\/p>\n","protected":false},"author":1,"featured_media":0,"parent":0,"menu_order":2,"comment_status":"closed","ping_status":"closed","template":"","meta":{"site-sidebar-layout":"no-sidebar","site-content-layout":"content-boxed-container","ast-site-content-layout":"","site-content-style":"default","site-sidebar-style":"default","ast-global-header-display":"","ast-banner-title-visibility":"","ast-main-header-display":"","ast-hfb-above-header-display":"","ast-hfb-below-header-display":"","ast-hfb-mobile-header-display":"","site-post-title":"disabled","ast-breadcrumbs-content":"disabled","ast-featured-img":"disabled","footer-sml-layout":"","theme-transparent-header-meta":"disabled","adv-header-id-meta":"","stick-header-meta":"default","header-above-stick-meta":"","header-main-stick-meta":"","header-below-stick-meta":"","astra-migrate-meta-layouts":"","ast-page-background-enabled":"default","ast-page-background-meta":{"desktop":{"background-color":"","background-image":"","background-repeat":"repeat","background-position":"center center","background-size":"auto","background-attachment":"scroll","background-type":"","background-media":"","overlay-type":"","overlay-color":"","overlay-gradient":""},"tablet":{"background-color":"","background-image":"","background-repeat":"repeat","background-position":"center center","background-size":"auto","background-attachment":"scroll","background-type":"","background-media":"","overlay-type":"","overlay-color":"","overlay-gradient":""},"mobile":{"background-color":"","background-image":"","background-repeat":"repeat","background-position":"center center","background-size":"auto","background-attachment":"scroll","background-type":"","background-media":"","overlay-type":"","overlay-color":"","overlay-gradient":""}},"ast-content-background-meta":{"desktop":{"background-color":"var(--ast-global-color-5)","background-image":"","background-repeat":"repeat","background-position":"center center","background-size":"auto","background-attachment":"scroll","background-type":"","background-media":"","overlay-type":"","overlay-color":"","overlay-gradient":""},"tablet":{"background-color":"var(--ast-global-color-5)","background-image":"","background-repeat":"repeat","background-position":"center center","background-size":"auto","background-attachment":"scroll","background-type":"","background-media":"","overlay-type":"","overlay-color":"","overlay-gradient":""},"mobile":{"background-color":"var(--ast-global-color-5)","background-image":"","background-repeat":"repeat","background-position":"center center","background-size":"auto","background-attachment":"scroll","background-type":"","background-media":"","overlay-type":"","overlay-color":"","overlay-gradient":""}},"footnotes":""},"_links":{"self":[{"href":"https:\/\/www.chinaplastictech.com\/es\/wp-json\/wp\/v2\/pages\/467"}],"collection":[{"href":"https:\/\/www.chinaplastictech.com\/es\/wp-json\/wp\/v2\/pages"}],"about":[{"href":"https:\/\/www.chinaplastictech.com\/es\/wp-json\/wp\/v2\/types\/page"}],"author":[{"embeddable":true,"href":"https:\/\/www.chinaplastictech.com\/es\/wp-json\/wp\/v2\/users\/1"}],"replies":[{"embeddable":true,"href":"https:\/\/www.chinaplastictech.com\/es\/wp-json\/wp\/v2\/comments?post=467"}],"version-history":[{"count":0,"href":"https:\/\/www.chinaplastictech.com\/es\/wp-json\/wp\/v2\/pages\/467\/revisions"}],"wp:attachment":[{"href":"https:\/\/www.chinaplastictech.com\/es\/wp-json\/wp\/v2\/media?parent=467"}],"curies":[{"name":"wp","href":"https:\/\/api.w.org\/{rel}","templated":true}]}}